{"id":5424,"date":"2022-01-18T21:00:16","date_gmt":"2022-01-18T21:00:16","guid":{"rendered":"https:\/\/minoishotel.gr\/deluxe-suite-with-sea-or-mountain-view\/"},"modified":"2023-03-09T17:06:21","modified_gmt":"2023-03-09T17:06:21","slug":"deluxe-suite-with-sea-or-mountain-view","status":"publish","type":"page","link":"https:\/\/minoishotel.gr\/de\/deluxe-suite-with-sea-or-mountain-view\/","title":{"rendered":"KING SUITE WITH SEA OR MOUNTAIN VIEW"},"content":{"rendered":"<div class=\"wpb-content-wrapper\"><p>[vc_row full_width=&#8220;stretch_row_content_no_spaces&#8220;][vc_column]\n\t\t\t<!-- START Suite REVOLUTION SLIDER 6.2.17 --><p class=\"rs-p-wp-fix\"><\/p>\n\t\t\t<rs-module-wrap id=\"rev_slider_25_1_wrapper\" data-source=\"gallery\" style=\"background:transparent;padding:0;margin:0px auto;margin-top:0;margin-bottom:0;max-width:;\">\n\t\t\t\t<rs-module id=\"rev_slider_25_1\" style=\"\" data-version=\"6.2.17\">\n\t\t\t\t\t<rs-slides>\n\t\t\t\t\t\t<rs-slide data-key=\"rs-81\" data-title=\"Slide\" data-thumb=\"\/\/minoishotel.gr\/wp-content\/uploads\/2021\/06\/DSC_8095-Edit-100x50.jpg\" data-anim=\"ei:d;eo:d;s:600;r:0;t:fade;sl:d;\" data-firstanim=\"t:fade;s:1500;sl:7;\">\n\t\t\t\t\t\t\t<img loading=\"lazy\" decoding=\"async\" src=\"\/\/minoishotel.gr\/wp-content\/uploads\/2021\/06\/DSC_8095-Edit.jpg\" title=\"DSC_8095-Edit\" width=\"1348\" height=\"900\" data-parallax=\"off\" class=\"rev-slidebg\" data-no-retina>\n<!---->\t\t\t\t\t\t<\/rs-slide>\n\t\t\t\t\t\t<rs-slide data-key=\"rs-82\" data-title=\"Slide\" data-thumb=\"\/\/minoishotel.gr\/wp-content\/uploads\/2021\/06\/DSC_8102-Edit-100x50.jpg\" data-anim=\"ei:d;eo:d;s:600;r:0;t:fade;sl:d;\">\n\t\t\t\t\t\t\t<img loading=\"lazy\" decoding=\"async\" src=\"\/\/minoishotel.gr\/wp-content\/uploads\/2021\/06\/DSC_8102-Edit.jpg\" title=\"DSC_8102-Edit\" width=\"1348\" height=\"900\" data-parallax=\"off\" class=\"rev-slidebg\" data-no-retina>\n<!---->\t\t\t\t\t\t<\/rs-slide>\n\t\t\t\t\t\t<rs-slide data-key=\"rs-80\" data-title=\"Slide\" data-thumb=\"\/\/minoishotel.gr\/wp-content\/uploads\/2021\/06\/DSC_8229-HDR-Edit-100x50.jpg\" data-anim=\"ei:d;eo:d;s:600;r:0;t:fade;sl:d;\">\n\t\t\t\t\t\t\t<img loading=\"lazy\" decoding=\"async\" src=\"\/\/minoishotel.gr\/wp-content\/uploads\/2021\/06\/DSC_8229-HDR-Edit.jpg\" title=\"DSC_8229-HDR-Edit\" width=\"1348\" height=\"900\" data-parallax=\"off\" class=\"rev-slidebg\" data-no-retina>\n<!---->\t\t\t\t\t\t<\/rs-slide>\n\t\t\t\t\t<\/rs-slides>\n\t\t\t\t<\/rs-module>\n\t\t\t\t<script type=\"text\/javascript\">\n\t\t\t\t\tsetREVStartSize({c: 'rev_slider_25_1',rl:[1240,1024,778,480],el:[700,600,500,400],gw:[1240,1024,778,480],gh:[700,600,500,400],type:'standard',justify:'',layout:'fullwidth',mh:\"0\"});\n\t\t\t\t\tvar\trevapi25,\n\t\t\t\t\t\ttpj;\n\t\t\t\t\tjQuery(function() {\n\t\t\t\t\t\ttpj = jQuery;\n\t\t\t\t\t\trevapi25 = tpj(\"#rev_slider_25_1\");\n\t\t\t\t\t\tif(revapi25==undefined || revapi25.revolution == undefined){\n\t\t\t\t\t\t\trevslider_showDoubleJqueryError(\"rev_slider_25_1\");\n\t\t\t\t\t\t}else{\n\t\t\t\t\t\t\trevapi25.revolution({\n\t\t\t\t\t\t\t\tduration:6000,\n\t\t\t\t\t\t\t\tvisibilityLevels:\"1240,1024,778,480\",\n\t\t\t\t\t\t\t\tgridwidth:\"1240,1024,778,480\",\n\t\t\t\t\t\t\t\tgridheight:\"700,600,500,400\",\n\t\t\t\t\t\t\t\tspinner:\"spinner2\",\n\t\t\t\t\t\t\t\tperspective:600,\n\t\t\t\t\t\t\t\tperspectiveType:\"local\",\n\t\t\t\t\t\t\t\teditorheight:\"700,600,500,400\",\n\t\t\t\t\t\t\t\tresponsiveLevels:\"1240,1024,778,480\",\n\t\t\t\t\t\t\t\tprogressBar:{disableProgressBar:true},\n\t\t\t\t\t\t\t\tnavigation: {\n\t\t\t\t\t\t\t\t\tmouseScrollNavigation:false,\n\t\t\t\t\t\t\t\t\tonHoverStop:false,\n\t\t\t\t\t\t\t\t\ttouch: {\n\t\t\t\t\t\t\t\t\t\ttouchenabled:true\n\t\t\t\t\t\t\t\t\t},\n\t\t\t\t\t\t\t\t\tarrows: {\n\t\t\t\t\t\t\t\t\t\tenable:true,\n\t\t\t\t\t\t\t\t\t\tstyle:\"uranus\",\n\t\t\t\t\t\t\t\t\t\thide_onmobile:true,\n\t\t\t\t\t\t\t\t\t\thide_under:600,\n\t\t\t\t\t\t\t\t\t\thide_onleave:true,\n\t\t\t\t\t\t\t\t\t\tleft: {\n\t\t\t\t\t\t\t\t\t\t\th_offset:30,\n\t\t\t\t\t\t\t\t\t\t\tv_offset:30\n\t\t\t\t\t\t\t\t\t\t},\n\t\t\t\t\t\t\t\t\t\tright: {\n\t\t\t\t\t\t\t\t\t\t\th_offset:30,\n\t\t\t\t\t\t\t\t\t\t\tv_offset:30\n\t\t\t\t\t\t\t\t\t\t}\n\t\t\t\t\t\t\t\t\t},\n\t\t\t\t\t\t\t\t\tbullets: {\n\t\t\t\t\t\t\t\t\t\tenable:true,\n\t\t\t\t\t\t\t\t\t\ttmp:\"\",\n\t\t\t\t\t\t\t\t\t\tstyle:\"hermes\",\n\t\t\t\t\t\t\t\t\t\thide_onmobile:true,\n\t\t\t\t\t\t\t\t\t\thide_under:600,\n\t\t\t\t\t\t\t\t\t\thide_onleave:true,\n\t\t\t\t\t\t\t\t\t\tv_offset:50\n\t\t\t\t\t\t\t\t\t}\n\t\t\t\t\t\t\t\t},\n\t\t\t\t\t\t\t\tparallax: {\n\t\t\t\t\t\t\t\t\tlevels:[2,3,4,5,6,7,12,16,10,50,47,48,49,50,51,55],\n\t\t\t\t\t\t\t\t\ttype:\"mouse\",\n\t\t\t\t\t\t\t\t\torigo:\"slidercenter\",\n\t\t\t\t\t\t\t\t\tspeed:2000\n\t\t\t\t\t\t\t\t},\n\t\t\t\t\t\t\t\tviewPort: {\n\t\t\t\t\t\t\t\t\tenable:true,\n\t\t\t\t\t\t\t\t\toutof:\"pause\",\n\t\t\t\t\t\t\t\t\tvisible_area:\"20%\"\n\t\t\t\t\t\t\t\t},\n\t\t\t\t\t\t\t\tfallbacks: {\n\t\t\t\t\t\t\t\t\tallowHTML5AutoPlayOnAndroid:true\n\t\t\t\t\t\t\t\t},\n\t\t\t\t\t\t\t});\n\t\t\t\t\t\t}\n\t\t\t\t\t\t\n\t\t\t\t\t});\n\t\t\t\t<\/script>\n\t\t\t\t<script>\n\t\t\t\t\tvar htmlDivCss = ' #rev_slider_25_1_wrapper rs-loader.spinner2{ background-color: #c7c7cc !important; } ';\n\t\t\t\t\tvar htmlDiv = document.getElementById('rs-plugin-settings-inline-css');\n\t\t\t\t\tif(htmlDiv) {\n\t\t\t\t\t\thtmlDiv.innerHTML = htmlDiv.innerHTML + htmlDivCss;\n\t\t\t\t\t}else{\n\t\t\t\t\t\tvar htmlDiv = document.createElement('div');\n\t\t\t\t\t\thtmlDiv.innerHTML = '<style>' + htmlDivCss + '<\/style>';\n\t\t\t\t\t\tdocument.getElementsByTagName('head')[0].appendChild(htmlDiv.childNodes[0]);\n\t\t\t\t\t}\n\t\t\t\t<\/script>\n\t\t\t\t<script>\n\t\t\t\t\tvar htmlDivCss = unescape(\"%23rev_slider_25_1_wrapper%20.uranus.tparrows%20%7B%0A%20%20width%3A50px%3B%0A%20%20height%3A50px%3B%0A%20%20background%3Argba%28255%2C255%2C255%2C0%29%3B%0A%20%7D%0A%20%23rev_slider_25_1_wrapper%20.uranus.tparrows%3Abefore%20%7B%0A%20width%3A50px%3B%0A%20height%3A50px%3B%0A%20line-height%3A50px%3B%0A%20font-size%3A40px%3B%0A%20transition%3Aall%200.3s%3B%0A-webkit-transition%3Aall%200.3s%3B%0A%20%7D%0A%20%0A%20%20%23rev_slider_25_1_wrapper%20.uranus.tparrows%3Ahover%3Abefore%20%7B%0A%20%20%20%20opacity%3A0.75%3B%0A%20%20%7D%0A%23rev_slider_25_1_wrapper%20.hermes.tp-bullets%20%7B%0A%7D%0A%0A%23rev_slider_25_1_wrapper%20.hermes%20.tp-bullet%20%7B%0A%20%20%20%20overflow%3Ahidden%3B%0A%20%20%20%20border-radius%3A50%25%3B%0A%20%20%20%20width%3A16px%3B%0A%20%20%20%20height%3A16px%3B%0A%20%20%20%20background-color%3A%20rgba%280%2C%200%2C%200%2C%200%29%3B%0A%20%20%20%20box-shadow%3A%20inset%200%200%200%202px%20%23ffffff%3B%0A%20%20%20%20-webkit-transition%3A%20background%200.3s%20ease%3B%0A%20%20%20%20transition%3A%20background%200.3s%20ease%3B%0A%20%20%20%20position%3Aabsolute%3B%0A%7D%0A%0A%23rev_slider_25_1_wrapper%20.hermes%20.tp-bullet%3Ahover%20%7B%0A%09%20%20background-color%3A%20rgba%280%2C0%2C0%2C0.21%29%3B%0A%7D%0A%23rev_slider_25_1_wrapper%20.hermes%20.tp-bullet%3Aafter%20%7B%0A%20%20content%3A%20%27%20%27%3B%0A%20%20position%3A%20absolute%3B%0A%20%20bottom%3A%200%3B%0A%20%20height%3A%200%3B%0A%20%20left%3A%200%3B%0A%20%20width%3A%20100%25%3B%0A%20%20background-color%3A%20%23ffffff%3B%0A%20%20box-shadow%3A%200%200%201px%20%23ffffff%3B%0A%20%20-webkit-transition%3A%20height%200.3s%20ease%3B%0A%20%20transition%3A%20height%200.3s%20ease%3B%0A%7D%0A%23rev_slider_25_1_wrapper%20.hermes%20.tp-bullet.selected%3Aafter%20%7B%0A%20%20height%3A100%25%3B%0A%7D%0A%0A\");\n\t\t\t\t\tvar htmlDiv = document.getElementById('rs-plugin-settings-inline-css');\n\t\t\t\t\tif(htmlDiv) {\n\t\t\t\t\t\thtmlDiv.innerHTML = htmlDiv.innerHTML + htmlDivCss;\n\t\t\t\t\t}else{\n\t\t\t\t\t\tvar htmlDiv = document.createElement('div');\n\t\t\t\t\t\thtmlDiv.innerHTML = '<style>' + htmlDivCss + '<\/style>';\n\t\t\t\t\t\tdocument.getElementsByTagName('head')[0].appendChild(htmlDiv.childNodes[0]);\n\t\t\t\t\t}\n\t\t\t\t<\/script>\n\t\t\t\t<script>\n\t\t\t\t\tvar htmlDivCss = unescape(\"%0A%0A%0A%0A%0A%0A\");\n\t\t\t\t\tvar htmlDiv = document.getElementById('rs-plugin-settings-inline-css');\n\t\t\t\t\tif(htmlDiv) {\n\t\t\t\t\t\thtmlDiv.innerHTML = htmlDiv.innerHTML + htmlDivCss;\n\t\t\t\t\t}else{\n\t\t\t\t\t\tvar htmlDiv = document.createElement('div');\n\t\t\t\t\t\thtmlDiv.innerHTML = '<style>' + htmlDivCss + '<\/style>';\n\t\t\t\t\t\tdocument.getElementsByTagName('head')[0].appendChild(htmlDiv.childNodes[0]);\n\t\t\t\t\t}\n\t\t\t\t<\/script>\n\t\t\t<\/rs-module-wrap>\n\t\t\t<!-- END REVOLUTION SLIDER -->\n[\/vc_column][\/vc_row][vc_row equal_height=&#8220;yes&#8220; content_placement=&#8220;top&#8220; css=&#8220;.vc_custom_1602943451280{padding-top: 50px !important;}&#8220;][vc_column width=&#8220;2\/3&#8243;][vc_custom_heading text=&#8220;KING SUITE MIT MEER &#8211; ODER BERGBLICK&#8220; google_fonts=&#8220;font_family:Oswald%3A300%2Cregular%2C700|font_style:300%20light%20regular%3A300%3Anormal&#8220;][vc_custom_heading text=&#8220;MINOIS IST D\u0399\u0395 IDEALE WAHL F\u00dcR IHREN URLAUB AUF KRETA&#8220; font_container=&#8220;tag:h2|font_size:30|text_align:left|color:%23ad1a52&#8243; google_fonts=&#8220;font_family:Oswald%3A300%2Cregular%2C700|font_style:300%20light%20regular%3A300%3Anormal&#8220;][vc_column_text]Alle Zimmer bieten ein Gef\u00fchl von Komfort, W\u00e4rme und Entspannung und sind behaglich eingerichtet mit:<\/p>\n<ul>\n<li>Kostenlosem WLAN-Zugang<\/li>\n<li>Flachschirm 42\u201dSat-TV<\/li>\n<li>Individuell einstellbarer Klimaanlage<\/li>\n<li>Schlie\u00dffach<\/li>\n<li>Sofabett im Wohnzimmer (nur in den Appartements) f\u00fcr einen 3.Erwachsenen (16+ Jahre)<\/li>\n<li>Haartrockner<\/li>\n<li>Minik\u00fchlschrank<\/li>\n<li>Wasserkocher<\/li>\n<li>Kaffeetisch<\/li>\n<li>Nespresso Maschine (5 Nespresso Kapseln bei Ankunft gratis)<\/li>\n<li>Doppelt verglasten Fenstern und Balkon &#8211; mit Meer- oder Bergblick<\/li>\n<li>Ausstattung mit Dusche in allen Badezimmern<\/li>\n<li>Kissenmen\u00fc<\/li>\n<li>Luxuri\u00f6se Badeartikel und Bettw\u00e4sche bieten Ihnen Pflege und Komfort.<\/li>\n<\/ul>\n<p>[\/vc_column_text][\/vc_column][vc_column width=&#8220;1\/3&#8243;][vc_empty_space height=&#8220;20px&#8220;][vc_custom_heading text=&#8220;Gr\u00f6\u00dfe:28m\u00b2, Meer- oder Bergblick, 2 Personen&#8220; font_container=&#8220;tag:h2|font_size:22|text_align:left|color:%23ad1a52&#8243; google_fonts=&#8220;font_family:Oswald%3A300%2Cregular%2C700|font_style:400%20regular%3A400%3Anormal&#8220;][vc_column_text css=&#8220;.vc_custom_1618736250882{border-right-width: 1px !important;padding-right: 20px !important;border-right-color: #b7b7b7 !important;border-right-style: solid !important;}&#8220;]<\/p>\n<p style=\"text-align: justify;\">Das Minois Boutique Hotel ist eine einzigartige Option f\u00fcr die komfortable Unterkunft in Stalis mit gro\u00dfz\u00fcgig ausgestatteten Zimmern, deren Design die Bed\u00fcrfnisse sowohl von Gesch\u00e4fts- als auch von Urlaubsreisenden deckt.<\/p>\n<p>[\/vc_column_text][vc_btn title=&#8220;DIESES ZIMMER BUCHEN&#8220; style=&#8220;custom&#8220; custom_background=&#8220;#ad1a52&#8243; custom_text=&#8220;#ffffff&#8220; shape=&#8220;square&#8220; size=&#8220;sm&#8220; link=&#8220;url:https%3A%2F%2Fminoishotel.gr%2Fde%2Freservation-request%2F|title:Reservation%20Request&#8220;][\/vc_column][\/vc_row][vc_row css=&#8220;.vc_custom_1602947163035{padding-bottom: 50px !important;}&#8220;][vc_column][vc_custom_heading text=&#8220;BILDER DER ZIMMER&#8220; font_container=&#8220;tag:h2|font_size:30|text_align:center&#8220; google_fonts=&#8220;font_family:Oswald%3A300%2Cregular%2C700|font_style:300%20light%20regular%3A300%3Anormal&#8220;][vc_column_text]<\/p>\n<p style=\"text-align: center;\">Bitte beachten Sie<\/p>\n<p style=\"text-align: center;\">Die Fotos der Zimmer sind nur ein Beispiel und definieren nicht die Lage des Zimmers bei der Buchung (Erdgeschoss, 1. Obergeschoss oder 2. Obergeschoss).<\/p>\n<p style=\"text-align: center;\">Die Zimmer mit den gro\u00dfen Terrassen und den Holzliegen sind nur 5 Zimmer im gesamten Anwesen und nur nach Verf\u00fcgbarkeit.<\/p>\n<p style=\"text-align: center;\">F\u00fcr eine bestimmte Zimmerlage, f\u00fcr die Buchung der Zimmer mit den Sonnenliegen auf den Terrassen oder f\u00fcr Sonderw\u00fcnsche kontaktieren Sie uns bitte per E-Mail oder telefonisch.<\/p>\n<p style=\"text-align: center;\">Bitte beachten Sie, dass es jetzt m\u00f6glich ist, die Zimmer mit den gro\u00dfen Terrassen und Tagessonnenliegen (Gazebo), sofern verf\u00fcgbar, \u00fcber unseren Partner Booking.com unter dem Zimmertyp Deluxe Suite direkt zu buchen.<\/p>\n<p>[\/vc_column_text][vc_separator color=&#8220;custom&#8220; border_width=&#8220;5&#8243; el_width=&#8220;10&#8243; accent_color=&#8220;#ad1a52&#8243;][vc_column_text]\r\n\t\t\t\t\t\n\r\n\t\t\t\t\t<!-- START UNITE GALLERY 1.7.53 -->\r\n\t\t\t\t\t\r\n\t\t\t\t\n\t\t\t<div id='unitegallery_7_1' class='unite-gallery' style='margin:0px auto;'>\n\t\t\t\t\n\n\t\t\t\t\t\t<img alt=\"DSC_7988-Edit\"\n\t\t\t\t\t\t     src=\"\" data-image=\"https:\/\/minoishotel.gr\/wp-content\/uploads\/2021\/06\/DSC_7988-Edit-1024x684.jpg\"\n\t\t\t\t\t\t     data-thumb=\"https:\/\/minoishotel.gr\/wp-content\/uploads\/2021\/06\/DSC_7988-Edit-768x513.jpg\"\n\t\t\t\t\t\t     title=\"\"\n\t\t\t\t\t\t     style=\"display:none\">\n\n\t\t\t\t\t\t<img alt=\"DSC_8095-Edit\"\n\t\t\t\t\t\t     src=\"\" data-image=\"https:\/\/minoishotel.gr\/wp-content\/uploads\/2021\/06\/DSC_8095-Edit-1024x684.jpg\"\n\t\t\t\t\t\t     data-thumb=\"https:\/\/minoishotel.gr\/wp-content\/uploads\/2021\/06\/DSC_8095-Edit-768x513.jpg\"\n\t\t\t\t\t\t     title=\"\"\n\t\t\t\t\t\t     style=\"display:none\">\n\n\t\t\t\t\t\t<img alt=\"DSC_8006-HDR-Edit\"\n\t\t\t\t\t\t     src=\"\" data-image=\"https:\/\/minoishotel.gr\/wp-content\/uploads\/2021\/06\/DSC_8006-HDR-Edit-1024x684.jpg\"\n\t\t\t\t\t\t     data-thumb=\"https:\/\/minoishotel.gr\/wp-content\/uploads\/2021\/06\/DSC_8006-HDR-Edit-768x513.jpg\"\n\t\t\t\t\t\t     title=\"\"\n\t\t\t\t\t\t     style=\"display:none\">\n\n\t\t\t\t\t\t<img alt=\"DSC_8013-HDR-Edit\"\n\t\t\t\t\t\t     src=\"\" data-image=\"https:\/\/minoishotel.gr\/wp-content\/uploads\/2021\/06\/DSC_8013-HDR-Edit-1024x684.jpg\"\n\t\t\t\t\t\t     data-thumb=\"https:\/\/minoishotel.gr\/wp-content\/uploads\/2021\/06\/DSC_8013-HDR-Edit-768x513.jpg\"\n\t\t\t\t\t\t     title=\"\"\n\t\t\t\t\t\t     style=\"display:none\">\n\n\t\t\t\t\t\t<img alt=\"DSC_8102-Edit\"\n\t\t\t\t\t\t     src=\"\" data-image=\"https:\/\/minoishotel.gr\/wp-content\/uploads\/2021\/06\/DSC_8102-Edit-1024x684.jpg\"\n\t\t\t\t\t\t     data-thumb=\"https:\/\/minoishotel.gr\/wp-content\/uploads\/2021\/06\/DSC_8102-Edit-768x513.jpg\"\n\t\t\t\t\t\t     title=\"\"\n\t\t\t\t\t\t     style=\"display:none\">\n\n\t\t\t\t\t\t<img alt=\"DSC_6305-HDR-Edit\"\n\t\t\t\t\t\t     src=\"\" data-image=\"https:\/\/minoishotel.gr\/wp-content\/uploads\/2021\/06\/DSC_6305-HDR-Edit-1024x683.jpg\"\n\t\t\t\t\t\t     data-thumb=\"https:\/\/minoishotel.gr\/wp-content\/uploads\/2021\/06\/DSC_6305-HDR-Edit-768x512.jpg\"\n\t\t\t\t\t\t     title=\"\"\n\t\t\t\t\t\t     style=\"display:none\">\n\n\t\t\t\t\t\t<img alt=\"DSC_8021-HDR-Edit\"\n\t\t\t\t\t\t     src=\"\" data-image=\"https:\/\/minoishotel.gr\/wp-content\/uploads\/2021\/06\/DSC_8021-HDR-Edit-1024x684.jpg\"\n\t\t\t\t\t\t     data-thumb=\"https:\/\/minoishotel.gr\/wp-content\/uploads\/2021\/06\/DSC_8021-HDR-Edit-768x513.jpg\"\n\t\t\t\t\t\t     title=\"\"\n\t\t\t\t\t\t     style=\"display:none\">\n\n\t\t\t\t\t\t<img alt=\"DSC_8135-Edit\"\n\t\t\t\t\t\t     src=\"\" data-image=\"https:\/\/minoishotel.gr\/wp-content\/uploads\/2021\/06\/DSC_8135-Edit-1024x684.jpg\"\n\t\t\t\t\t\t     data-thumb=\"https:\/\/minoishotel.gr\/wp-content\/uploads\/2021\/06\/DSC_8135-Edit-768x513.jpg\"\n\t\t\t\t\t\t     title=\"\"\n\t\t\t\t\t\t     style=\"display:none\">\n\n\t\t\t\t\t\t<img alt=\"DSC_8056-Edit\"\n\t\t\t\t\t\t     src=\"\" data-image=\"https:\/\/minoishotel.gr\/wp-content\/uploads\/2021\/06\/DSC_8056-Edit-1024x684.jpg\"\n\t\t\t\t\t\t     data-thumb=\"https:\/\/minoishotel.gr\/wp-content\/uploads\/2021\/06\/DSC_8056-Edit-768x513.jpg\"\n\t\t\t\t\t\t     title=\"\"\n\t\t\t\t\t\t     style=\"display:none\">\n\n\t\t\t\t\t\t<img alt=\"DSC_8074-Edit\"\n\t\t\t\t\t\t     src=\"\" data-image=\"https:\/\/minoishotel.gr\/wp-content\/uploads\/2021\/06\/DSC_8074-Edit-1024x684.jpg\"\n\t\t\t\t\t\t     data-thumb=\"https:\/\/minoishotel.gr\/wp-content\/uploads\/2021\/06\/DSC_8074-Edit-768x513.jpg\"\n\t\t\t\t\t\t     title=\"\"\n\t\t\t\t\t\t     style=\"display:none\">\n\n\t\t\t\t\t\t<img alt=\"DSC_8082-HDR-Edit\"\n\t\t\t\t\t\t     src=\"\" data-image=\"https:\/\/minoishotel.gr\/wp-content\/uploads\/2021\/06\/DSC_8082-HDR-Edit-1024x684.jpg\"\n\t\t\t\t\t\t     data-thumb=\"https:\/\/minoishotel.gr\/wp-content\/uploads\/2021\/06\/DSC_8082-HDR-Edit-768x513.jpg\"\n\t\t\t\t\t\t     title=\"\"\n\t\t\t\t\t\t     style=\"display:none\">\n\n\t\t\t\t\t\t<img alt=\"DSC_6235-HDR\"\n\t\t\t\t\t\t     src=\"\" data-image=\"https:\/\/minoishotel.gr\/wp-content\/uploads\/2021\/06\/DSC_6235-HDR.jpg\"\n\t\t\t\t\t\t     data-thumb=\"https:\/\/minoishotel.gr\/wp-content\/uploads\/2021\/06\/DSC_6235-HDR.jpg\"\n\t\t\t\t\t\t     title=\"\"\n\t\t\t\t\t\t     style=\"display:none\">\n\n\t\t\t\t\t\t<img alt=\"DSC_8092-Edit\"\n\t\t\t\t\t\t     src=\"\" data-image=\"https:\/\/minoishotel.gr\/wp-content\/uploads\/2021\/06\/DSC_8092-Edit-1024x684.jpg\"\n\t\t\t\t\t\t     data-thumb=\"https:\/\/minoishotel.gr\/wp-content\/uploads\/2021\/06\/DSC_8092-Edit-768x513.jpg\"\n\t\t\t\t\t\t     title=\"\"\n\t\t\t\t\t\t     style=\"display:none\">\n\n\t\t\t\t\t\t<img alt=\"DSC_6230-HDR\"\n\t\t\t\t\t\t     src=\"\" data-image=\"https:\/\/minoishotel.gr\/wp-content\/uploads\/2021\/06\/DSC_6230-HDR.jpg\"\n\t\t\t\t\t\t     data-thumb=\"https:\/\/minoishotel.gr\/wp-content\/uploads\/2021\/06\/DSC_6230-HDR.jpg\"\n\t\t\t\t\t\t     title=\"\"\n\t\t\t\t\t\t     style=\"display:none\">\n\n\t\t\t\t\t\t<img alt=\"DSC_6291-Edit\"\n\t\t\t\t\t\t     src=\"\" data-image=\"https:\/\/minoishotel.gr\/wp-content\/uploads\/2021\/06\/DSC_6291-Edit-1024x683.jpg\"\n\t\t\t\t\t\t     data-thumb=\"https:\/\/minoishotel.gr\/wp-content\/uploads\/2021\/06\/DSC_6291-Edit-768x512.jpg\"\n\t\t\t\t\t\t     title=\"\"\n\t\t\t\t\t\t     style=\"display:none\">\n\t\t\t<\/div>\n\n\t\t\t<script type='text\/javascript'>\n\t\t\t\twindow.onload = function(e) {\n\t\t\t\t\tif(typeof ugCheckForErrors == \"undefined\"){\n\t\t\t\t\t\tdocument.getElementById(\"unitegallery_7_1\").innerHTML = \"<span style='color:red'>Unite Gallery Error - gallery js and css files not included in the footer. Please make sure that wp_footer() function is added to your theme.<\/span>\";}\n\t\t\t\t\telse{ ugCheckForErrors(\"unitegallery_7_1\", \"jquery\");}\n\t\t\t\t};\n\t\t\t<\/script>\n\n\t\t\t<!-- END UNITEGALLERY -->[\/vc_column_text][\/vc_column][\/vc_row][vc_row css=&#8220;.vc_custom_1602946124311{padding-bottom: 50px !important;}&#8220;][vc_column][vc_custom_heading text=&#8220;ALLE ZIMMER&#8220; font_container=&#8220;tag:h2|font_size:30|text_align:center&#8220; google_fonts=&#8220;font_family:Oswald%3A300%2Cregular%2C700|font_style:300%20light%20regular%3A300%3Anormal&#8220;][vc_separator color=&#8220;custom&#8220; border_width=&#8220;5&#8243; el_width=&#8220;10&#8243; accent_color=&#8220;#ad1a52&#8243;][vc_row_inner][vc_column_inner width=&#8220;1\/3&#8243;][vc_custom_heading text=&#8220;DOPPELZIMMER MIT MEER &#8211; ODER BERGBLICK&#8220; font_container=&#8220;tag:h2|font_size:20|text_align:center|color:%23000000&#8243; google_fonts=&#8220;font_family:Oswald%3A300%2Cregular%2C700|font_style:300%20light%20regular%3A300%3Anormal&#8220; link=&#8220;url:https%3A%2F%2Fminoishotel.gr%2Fde%2Fdoppelzimmer-mit-meer-oder-bergblick%2F&#8220;][vc_single_image image=&#8220;5332&#8243; img_size=&#8220;full&#8220; alignment=&#8220;center&#8220; onclick=&#8220;custom_link&#8220; link=&#8220;https:\/\/minoishotel.gr\/de\/doppelzimmer-mit-meer-oder-bergblick\/&#8220;][\/vc_column_inner][vc_column_inner width=&#8220;1\/3&#8243;][vc_custom_heading text=&#8220;DELUXE DOPPELZIMMER MIT MEER &#8211; ODER BERGBLICK&#8220; font_container=&#8220;tag:h2|font_size:20|text_align:center|color:%23000000&#8243; google_fonts=&#8220;font_family:Oswald%3A300%2Cregular%2C700|font_style:300%20light%20regular%3A300%3Anormal&#8220; link=&#8220;url:https%3A%2F%2Fminoishotel.gr%2Fde%2Fdeluxe-doppelzimmer-mit-meer-oder-bergblick%2F&#8220;][vc_single_image image=&#8220;5294&#8243; img_size=&#8220;full&#8220; alignment=&#8220;center&#8220; onclick=&#8220;custom_link&#8220; link=&#8220;https:\/\/minoishotel.gr\/de\/deluxe-doppelzimmer-mit-meer-oder-bergblick\/&#8220;][\/vc_column_inner][vc_column_inner width=&#8220;1\/3&#8243;][vc_custom_heading text=&#8220;KING SUITE MIT MEER &#8211; ODER BERGBLICK&#8220; font_container=&#8220;tag:h2|font_size:20|text_align:center|color:%23000000&#8243; google_fonts=&#8220;font_family:Oswald%3A300%2Cregular%2C700|font_style:300%20light%20regular%3A300%3Anormal&#8220; link=&#8220;url:https%3A%2F%2Fminoishotel.gr%2Fde%2Fdeluxe-suite-with-sea-or-mountain-view%2F|title:DELUXE%20SUITE%20WITH%20SEA%20OR%20MOUNTAIN%20VIEW&#8220;][vc_single_image image=&#8220;5302&#8243; img_size=&#8220;full&#8220; alignment=&#8220;center&#8220; onclick=&#8220;custom_link&#8220; link=&#8220;https:\/\/minoishotel.gr\/de\/deluxe-suite-with-sea-or-mountain-view\/&#8220;][\/vc_column_inner][\/vc_row_inner][\/vc_column][\/vc_row]<\/p>\n<\/div>","protected":false},"excerpt":{"rendered":"<p>[vc_row full_width=&#8220;stretch_row_content_no_spaces&#8220;][vc_column][\/vc_column][\/vc_row][vc_row equal_height=&#8220;yes&#8220; content_placement=&#8220;top&#8220; css=&#8220;.vc_custom_1602943451280{padding-top: 50px !important;}&#8220;][vc_column width=&#8220;2\/3&#8243;][vc_custom_heading text=&#8220;KING SUITE MIT MEER &#8211; ODER BERGBLICK&#8220; google_fonts=&#8220;font_family:Oswald%3A300%2Cregular%2C700|font_style:300%20light%20regular%3A300%3Anormal&#8220;][vc_custom_heading text=&#8220;MINOIS IST D\u0399\u0395 IDEALE WAHL F\u00dcR IHREN URLAUB AUF KRETA&#8220; font_container=&#8220;tag:h2|font_size:30|text_align:left|color:%23ad1a52&#8243; google_fonts=&#8220;font_family:Oswald%3A300%2Cregular%2C700|font_style:300%20light%20regular%3A300%3Anormal&#8220;][vc_column_text]Alle Zimmer bieten ein Gef\u00fchl von Komfort, W\u00e4rme und Entspannung und sind behaglich eingerichtet mit: Kostenlosem WLAN-Zugang Flachschirm 42\u201dSat-TV Individuell einstellbarer Klimaanlage Schlie\u00dffach Sofabett im Wohnzimmer (nur in [&hellip;]<\/p>\n","protected":false},"author":1,"featured_media":0,"parent":0,"menu_order":0,"comment_status":"closed","ping_status":"closed","template":"","meta":{"footnotes":""},"class_list":["post-5424","page","type-page","status-publish","hentry"],"_links":{"self":[{"href":"https:\/\/minoishotel.gr\/de\/wp-json\/wp\/v2\/pages\/5424"}],"collection":[{"href":"https:\/\/minoishotel.gr\/de\/wp-json\/wp\/v2\/pages"}],"about":[{"href":"https:\/\/minoishotel.gr\/de\/wp-json\/wp\/v2\/types\/page"}],"author":[{"embeddable":true,"href":"https:\/\/minoishotel.gr\/de\/wp-json\/wp\/v2\/users\/1"}],"replies":[{"embeddable":true,"href":"https:\/\/minoishotel.gr\/de\/wp-json\/wp\/v2\/comments?post=5424"}],"version-history":[{"count":6,"href":"https:\/\/minoishotel.gr\/de\/wp-json\/wp\/v2\/pages\/5424\/revisions"}],"predecessor-version":[{"id":5459,"href":"https:\/\/minoishotel.gr\/de\/wp-json\/wp\/v2\/pages\/5424\/revisions\/5459"}],"wp:attachment":[{"href":"https:\/\/minoishotel.gr\/de\/wp-json\/wp\/v2\/media?parent=5424"}],"curies":[{"name":"wp","href":"https:\/\/api.w.org\/{rel}","templated":true}]}}