{"id":5140,"date":"2020-10-21T00:50:38","date_gmt":"2020-10-21T00:50:38","guid":{"rendered":"https:\/\/minoishotel.gr\/reservation-request\/"},"modified":"2026-04-21T17:25:34","modified_gmt":"2026-04-21T17:25:34","slug":"reservation-request","status":"publish","type":"page","link":"https:\/\/minoishotel.gr\/de\/reservation-request\/","title":{"rendered":"Reservation Request"},"content":{"rendered":"<div class=\"wpb-content-wrapper\"><p>[vc_row equal_height=&#8220;yes&#8220; content_placement=&#8220;top&#8220; css=&#8220;.vc_custom_1603241826711{padding-top: 100px !important;}&#8220;][vc_column width=&#8220;2\/3&#8243;][vc_custom_heading text=&#8220;BUCHUNGSANFRAGE&#8220; google_fonts=&#8220;font_family:Oswald%3A300%2Cregular%2C700|font_style:300%20light%20regular%3A300%3Anormal&#8220;][vc_custom_heading text=&#8220;Wir stehen Ihnen stets zur Verf\u00fcgung, wenn Sie Informationen \u00fcber uns erhalten m\u00f6chten, Sie Fragen haben oder Hilfe bei Buchungen und Anfragen ben\u00f6tigen.&#8220; font_container=&#8220;tag:h2|font_size:30|text_align:left|color:%23ad1a52&#8243; google_fonts=&#8220;font_family:Oswald%3A300%2Cregular%2C700|font_style:300%20light%20regular%3A300%3Anormal&#8220;][vc_column_text css=&#8220;.vc_custom_1776792331382{border-right-width: 1px !important;padding-right: 20px !important;border-right-style: solid !important;border-color: #b7b7b7 !important;}&#8220;]<\/p>\n<p style=\"text-align: justify;\"><div class=\"wpforms-container wpforms-container-full\" id=\"wpforms-5181\"><form id=\"wpforms-form-5181\" class=\"wpforms-validate wpforms-form\" data-formid=\"5181\" method=\"post\" enctype=\"multipart\/form-data\" action=\"\/de\/wp-json\/wp\/v2\/pages\/5140\" data-token=\"4b3c1854b018a93d7f2698a65d77f6e0\" data-token-time=\"1777511838\"><noscript class=\"wpforms-error-noscript\">Bitte aktiviere JavaScript in deinem Browser, um dieses Formular fertigzustellen.<\/noscript><div class=\"wpforms-field-container\"><div id=\"wpforms-5181-field_0-container\" class=\"wpforms-field wpforms-field-name\" data-field-id=\"0\"><label class=\"wpforms-field-label\" for=\"wpforms-5181-field_0\">Name <span class=\"wpforms-required-label\">*<\/span><\/label><div class=\"wpforms-field-row wpforms-field-medium\"><div class=\"wpforms-field-row-block wpforms-first wpforms-one-half\"><input type=\"text\" id=\"wpforms-5181-field_0\" class=\"wpforms-field-name-first wpforms-field-required\" name=\"wpforms[fields][0][first]\" placeholder=\"Vorname\" required><label for=\"wpforms-5181-field_0\" class=\"wpforms-field-sublabel after wpforms-sublabel-hide\">Vorname<\/label><\/div><div class=\"wpforms-field-row-block wpforms-one-half\"><input type=\"text\" id=\"wpforms-5181-field_0-last\" class=\"wpforms-field-name-last wpforms-field-required\" name=\"wpforms[fields][0][last]\" placeholder=\"Familienname\" required><label for=\"wpforms-5181-field_0-last\" class=\"wpforms-field-sublabel after wpforms-sublabel-hide\">Nachname<\/label><\/div><\/div><\/div><div id=\"wpforms-5181-field_1-container\" class=\"wpforms-field wpforms-field-email\" data-field-id=\"1\"><label class=\"wpforms-field-label\" for=\"wpforms-5181-field_1\">Email <span class=\"wpforms-required-label\">*<\/span><\/label><input type=\"email\" id=\"wpforms-5181-field_1\" class=\"wpforms-field-medium wpforms-field-required\" name=\"wpforms[fields][1]\" spellcheck=\"false\" required><\/div><div id=\"wpforms-5181-field_6-container\" class=\"wpforms-field wpforms-field-text\" data-field-id=\"6\"><label class=\"wpforms-field-label\" for=\"wpforms-5181-field_6\">Ankunftstag <span class=\"wpforms-required-label\">*<\/span><\/label><input type=\"text\" id=\"wpforms-5181-field_6\" class=\"wpforms-field-medium wpforms-field-required\" name=\"wpforms[fields][6]\" placeholder=\"DD\/MM\/YYYY\" required><\/div><div id=\"wpforms-5181-field_8-container\" class=\"wpforms-field wpforms-field-select wpforms-field-select-style-classic\" data-field-id=\"8\"><label class=\"wpforms-field-label\" for=\"wpforms-5181-field_8\">Zahl d. \u00dcbernachtungen  <span class=\"wpforms-required-label\">*<\/span><\/label><select id=\"wpforms-5181-field_8\" class=\"wpforms-field-medium wpforms-field-required\" name=\"wpforms[fields][8]\" required=\"required\"><option value=\"1 \u00dcbernachtung\"  class=\"choice-1 depth-1\"  >1 \u00dcbernachtung<\/option><option value=\"2 \u00dcbernachtungen \"  class=\"choice-2 depth-1\"  >2 \u00dcbernachtungen<\/option><option value=\"3 \u00dcbernachtungen \"  class=\"choice-3 depth-1\"  >3 \u00dcbernachtungen<\/option><option value=\"4 \u00dcbernachtungen \"  class=\"choice-4 depth-1\"  >4 \u00dcbernachtungen<\/option><option value=\"5 \u00dcbernachtungen \"  class=\"choice-5 depth-1\"  >5 \u00dcbernachtungen<\/option><option value=\"6 \u00dcbernachtungen \"  class=\"choice-6 depth-1\"  >6 \u00dcbernachtungen<\/option><option value=\"7 \u00dcbernachtungen \"  class=\"choice-7 depth-1\"  >7 \u00dcbernachtungen<\/option><option value=\"Bis to 8 \u00dcbernachtungen \"  class=\"choice-8 depth-1\"  >Bis to 8 \u00dcbernachtungen<\/option><\/select><\/div><div id=\"wpforms-5181-field_3-container\" class=\"wpforms-field wpforms-field-radio\" data-field-id=\"3\"><label class=\"wpforms-field-label\">Zimmertyp <span class=\"wpforms-required-label\">*<\/span><\/label><ul id=\"wpforms-5181-field_3\" class=\"wpforms-field-required\"><li class=\"choice-1 depth-1\"><input type=\"radio\" id=\"wpforms-5181-field_3_1\" name=\"wpforms[fields][3]\" value=\"DOPPELZIMMER MIT MEER - ODER BERGBLICK\" required ><label class=\"wpforms-field-label-inline\" for=\"wpforms-5181-field_3_1\">DOPPELZIMMER MIT MEER - ODER BERGBLICK<\/label><\/li><li class=\"choice-2 depth-1\"><input type=\"radio\" id=\"wpforms-5181-field_3_2\" name=\"wpforms[fields][3]\" value=\"DELUXE DOPPELZIMMER MIT MEER - ODER BERGBLICK\" required ><label class=\"wpforms-field-label-inline\" for=\"wpforms-5181-field_3_2\">DELUXE DOPPELZIMMER MIT MEER - ODER BERGBLICK<\/label><\/li><li class=\"choice-3 depth-1\"><input type=\"radio\" id=\"wpforms-5181-field_3_3\" name=\"wpforms[fields][3]\" value=\"DELUXE SUITE MIT MEER - ODER BERGBLICK\" required ><label class=\"wpforms-field-label-inline\" for=\"wpforms-5181-field_3_3\">DELUXE SUITE MIT MEER - ODER BERGBLICK<\/label><\/li><\/ul><\/div><div id=\"wpforms-5181-field_2-container\" class=\"wpforms-field wpforms-field-textarea\" data-field-id=\"2\"><label class=\"wpforms-field-label\" for=\"wpforms-5181-field_2\">Bemerkung oder Nachricht <span class=\"wpforms-required-label\">*<\/span><\/label><textarea id=\"wpforms-5181-field_2\" class=\"wpforms-field-medium wpforms-field-required\" name=\"wpforms[fields][2]\" required><\/textarea><\/div><\/div><!-- .wpforms-field-container --><div class=\"wpforms-submit-container\" ><input type=\"hidden\" name=\"wpforms[id]\" value=\"5181\"><input type=\"hidden\" name=\"page_title\" value=\"\"><input type=\"hidden\" name=\"page_url\" value=\"https:\/\/minoishotel.gr\/de\/wp-json\/wp\/v2\/pages\/5140\"><input type=\"hidden\" name=\"url_referer\" value=\"\"><button type=\"submit\" name=\"wpforms[submit]\" id=\"wpforms-submit-5181\" class=\"wpforms-submit\" data-alt-text=\"Sending...\" data-submit-text=\"Senden\" aria-live=\"assertive\" value=\"wpforms-submit\">Senden<\/button><\/div><input type=\"hidden\" id=\"ct_checkjs_wpforms_a5cdd4aa0048b187f7182f1b9ce7a6a7\" name=\"ct_checkjs_wpforms\" value=\"0\" \/><script>setTimeout(function(){var ct_input_name = \"ct_checkjs_wpforms_a5cdd4aa0048b187f7182f1b9ce7a6a7\";if (document.getElementById(ct_input_name) !== null) {var ct_input_value = document.getElementById(ct_input_name).value;document.getElementById(ct_input_name).value = document.getElementById(ct_input_name).value.replace(ct_input_value, '1309040621');}}, 1000);<\/script><input\n                    class=\"apbct_special_field apbct_email_id__wp_wpforms\"\n                    name=\"apbct__email_id__wp_wpforms\"\n                    aria-label=\"apbct__label_id__wp_wpforms\"\n                    type=\"text\" size=\"30\" maxlength=\"200\" autocomplete=\"off\"\n                    value=\"\"\n                \/><\/form><\/div>  <!-- .wpforms-container --><\/p>\n<p>[\/vc_column_text][\/vc_column][vc_column width=&#8220;1\/3&#8243;][vc_empty_space height=&#8220;20px&#8220;][vc_custom_heading text=&#8220;KONTAKTIEREN SIE UNS&#8220; font_container=&#8220;tag:h2|font_size:22|text_align:left|color:%23ad1a52&#8243; google_fonts=&#8220;font_family:Oswald%3A300%2Cregular%2C700|font_style:400%20regular%3A400%3Anormal&#8220;][vc_column_text]Das Minois Boutique Hotel ist eine einzigartige Option f\u00fcr die komfortable Unterkunft in Stalis mit gro\u00dfz\u00fcgig ausgestatteten Zimmern, deren Design die Bed\u00fcrfnisse sowohl von Gesch\u00e4fts- als auch von Urlaubsreisenden deckt. Ein Hotel, das speziell f\u00fcr Paare, Freunde und Alleinreisende konzipiert wurde, die einen romantischen, entspannten und ruhigen Urlaub verbringen m\u00f6chten.[\/vc_column_text][vc_column_text css=&#8220;.vc_custom_1747045017987{border-right-width: 0px !important;padding-right: 20px !important;border-right-style: solid !important;border-color: #b7b7b7 !important;}&#8220;]<\/p>\n<p style=\"text-align: justify;\">A: 2 Nikis Street, Stalis Kreta 70007 Griechenland<br \/>\nP: <a href=\"tel:00302897032727\">+30 2897032727<\/a><\/p>\n<p style=\"text-align: justify;\">E: <a href=\"mailto:fmixalis2@gmail.com\">fmixalis2@gmail.com<\/a><br \/>\nE: <a href=\"mailto:info@minoishotel.gr\">info@minoishotel.gr<\/a><\/p>\n<p>[\/vc_column_text][vc_btn title=&#8220;KONTAKTIEREN SIE UNS&#8220; style=&#8220;flat&#8220; shape=&#8220;square&#8220; color=&#8220;primary&#8220; align=&#8220;center&#8220; i_icon_fontawesome=&#8220;far fa-envelope&#8220; css=&#8220;&#8220; add_icon=&#8220;true&#8220; link=&#8220;url:https%3A%2F%2Fminoishotel.gr%2Fde%2Fcontact%2F|title:Contact&#8220;][\/vc_column][\/vc_row]<\/p>\n<\/div>","protected":false},"excerpt":{"rendered":"<p>[vc_row equal_height=&#8220;yes&#8220; content_placement=&#8220;top&#8220; css=&#8220;.vc_custom_1603241826711{padding-top: 100px !important;}&#8220;][vc_column width=&#8220;2\/3&#8243;][vc_custom_heading text=&#8220;BUCHUNGSANFRAGE&#8220; google_fonts=&#8220;font_family:Oswald%3A300%2Cregular%2C700|font_style:300%20light%20regular%3A300%3Anormal&#8220;][vc_custom_heading text=&#8220;Wir stehen Ihnen stets zur Verf\u00fcgung, wenn Sie Informationen \u00fcber uns erhalten m\u00f6chten, Sie Fragen haben oder Hilfe bei Buchungen und Anfragen ben\u00f6tigen.&#8220; font_container=&#8220;tag:h2|font_size:30|text_align:left|color:%23ad1a52&#8243; google_fonts=&#8220;font_family:Oswald%3A300%2Cregular%2C700|font_style:300%20light%20regular%3A300%3Anormal&#8220;][vc_column_text css=&#8220;.vc_custom_1776792331382{border-right-width: 1px !important;padding-right: 20px !important;border-right-style: solid !important;border-color: #b7b7b7 !important;}&#8220;] [\/vc_column_text][\/vc_column][vc_column width=&#8220;1\/3&#8243;][vc_empty_space height=&#8220;20px&#8220;][vc_custom_heading text=&#8220;KONTAKTIEREN SIE UNS&#8220; font_container=&#8220;tag:h2|font_size:22|text_align:left|color:%23ad1a52&#8243; google_fonts=&#8220;font_family:Oswald%3A300%2Cregular%2C700|font_style:400%20regular%3A400%3Anormal&#8220;][vc_column_text]Das Minois Boutique Hotel ist [&hellip;]<\/p>\n","protected":false},"author":1,"featured_media":0,"parent":0,"menu_order":0,"comment_status":"closed","ping_status":"closed","template":"","meta":{"footnotes":""},"class_list":["post-5140","page","type-page","status-publish","hentry"],"_links":{"self":[{"href":"https:\/\/minoishotel.gr\/de\/wp-json\/wp\/v2\/pages\/5140"}],"collection":[{"href":"https:\/\/minoishotel.gr\/de\/wp-json\/wp\/v2\/pages"}],"about":[{"href":"https:\/\/minoishotel.gr\/de\/wp-json\/wp\/v2\/types\/page"}],"author":[{"embeddable":true,"href":"https:\/\/minoishotel.gr\/de\/wp-json\/wp\/v2\/users\/1"}],"replies":[{"embeddable":true,"href":"https:\/\/minoishotel.gr\/de\/wp-json\/wp\/v2\/comments?post=5140"}],"version-history":[{"count":8,"href":"https:\/\/minoishotel.gr\/de\/wp-json\/wp\/v2\/pages\/5140\/revisions"}],"predecessor-version":[{"id":5485,"href":"https:\/\/minoishotel.gr\/de\/wp-json\/wp\/v2\/pages\/5140\/revisions\/5485"}],"wp:attachment":[{"href":"https:\/\/minoishotel.gr\/de\/wp-json\/wp\/v2\/media?parent=5140"}],"curies":[{"name":"wp","href":"https:\/\/api.w.org\/{rel}","templated":true}]}}