{"id":5136,"date":"2020-03-26T11:51:01","date_gmt":"2020-03-26T11:51:01","guid":{"rendered":"https:\/\/minoishotel.gr\/hotel-home\/"},"modified":"2021-06-24T08:10:41","modified_gmt":"2021-06-24T08:10:41","slug":"hotel-home","status":"publish","type":"page","link":"https:\/\/minoishotel.gr\/de\/","title":{"rendered":"Hotel Home"},"content":{"rendered":"<div class=\"wpb-content-wrapper\"><p>[vc_row full_width=&#8220;stretch_row_content_no_spaces&#8220;][vc_column]\n\t\t\t<!-- START Minois Home REVOLUTION SLIDER 6.2.17 --><p class=\"rs-p-wp-fix\"><\/p>\n\t\t\t<rs-module-wrap id=\"rev_slider_23_1_wrapper\" data-source=\"gallery\" style=\"background:transparent;padding:0;margin:0px auto;margin-top:0;margin-bottom:0;max-width:;\">\n\t\t\t\t<rs-module id=\"rev_slider_23_1\" style=\"\" data-version=\"6.2.17\">\n\t\t\t\t\t<rs-slides>\n\t\t\t\t\t\t<rs-slide data-key=\"rs-78\" data-title=\"Slide\" data-anim=\"ei:d;eo:d;s:600;r:0;t:fade;sl:d;\" data-firstanim=\"t:fade;s:1500;sl:7;\">\n\t\t\t\t\t\t\t<img loading=\"lazy\" decoding=\"async\" src=\"\/\/minoishotel.gr\/wp-content\/uploads\/2021\/06\/DSC_8156-Edit.jpg\" title=\"DSC_8156-Edit\" width=\"1348\" height=\"900\" data-parallax=\"off\" class=\"rev-slidebg\" data-no-retina>\n<!--\n\t\t\t\t\t\t\t--><rs-layer\n\t\t\t\t\t\t\t\tid=\"slider-23-slide-78-layer-0\" \n\t\t\t\t\t\t\t\tdata-type=\"text\"\n\t\t\t\t\t\t\t\tdata-color=\"rgba(255, 255, 255, 0.89)\"\n\t\t\t\t\t\t\t\tdata-rsp_ch=\"on\"\n\t\t\t\t\t\t\t\tdata-xy=\"xo:846px,729px,529px,236px;yo:446px,392px,344px,307px;\"\n\t\t\t\t\t\t\t\tdata-text=\"w:normal;s:25;l:35,28,25,25;a:center;\"\n\t\t\t\t\t\t\t\tdata-dim=\"w:auto,auto,259px,159px;\"\n\t\t\t\t\t\t\t\tdata-frame_999=\"o:0;st:w;\"\n\t\t\t\t\t\t\t\tstyle=\"z-index:5;font-family:Raleway;\"\n\t\t\t\t\t\t\t>Welcome to Minois<br \/>Adults Only<br \/>Boutique Hotel \n\t\t\t\t\t\t\t<\/rs-layer><!--\n-->\t\t\t\t\t\t<\/rs-slide>\n\t\t\t\t\t<\/rs-slides>\n\t\t\t\t\t<rs-static-layers><!--\n\t\t\t\t\t--><\/rs-static-layers>\n\t\t\t\t<\/rs-module>\n\t\t\t\t<script type=\"text\/javascript\">\n\t\t\t\t\tsetREVStartSize({c: 'rev_slider_23_1',rl:[1240,1024,778,480],el:[700,600,500,400],gw:[1240,1024,778,480],gh:[700,600,500,400],type:'standard',justify:'',layout:'fullwidth',mh:\"0\"});\n\t\t\t\t\tvar\trevapi23,\n\t\t\t\t\t\ttpj;\n\t\t\t\t\tjQuery(function() {\n\t\t\t\t\t\ttpj = jQuery;\n\t\t\t\t\t\trevapi23 = tpj(\"#rev_slider_23_1\");\n\t\t\t\t\t\tif(revapi23==undefined || revapi23.revolution == undefined){\n\t\t\t\t\t\t\trevslider_showDoubleJqueryError(\"rev_slider_23_1\");\n\t\t\t\t\t\t}else{\n\t\t\t\t\t\t\trevapi23.revolution({\n\t\t\t\t\t\t\t\tduration:6000,\n\t\t\t\t\t\t\t\tvisibilityLevels:\"1240,1024,778,480\",\n\t\t\t\t\t\t\t\tgridwidth:\"1240,1024,778,480\",\n\t\t\t\t\t\t\t\tgridheight:\"700,600,500,400\",\n\t\t\t\t\t\t\t\tspinner:\"spinner2\",\n\t\t\t\t\t\t\t\tperspective:600,\n\t\t\t\t\t\t\t\tperspectiveType:\"local\",\n\t\t\t\t\t\t\t\teditorheight:\"700,600,500,400\",\n\t\t\t\t\t\t\t\tresponsiveLevels:\"1240,1024,778,480\",\n\t\t\t\t\t\t\t\tprogressBar:{disableProgressBar:true},\n\t\t\t\t\t\t\t\tnavigation: {\n\t\t\t\t\t\t\t\t\tmouseScrollNavigation:false,\n\t\t\t\t\t\t\t\t\tonHoverStop:false,\n\t\t\t\t\t\t\t\t\ttouch: {\n\t\t\t\t\t\t\t\t\t\ttouchenabled:true\n\t\t\t\t\t\t\t\t\t}\n\t\t\t\t\t\t\t\t},\n\t\t\t\t\t\t\t\tparallax: {\n\t\t\t\t\t\t\t\t\tlevels:[2,3,4,5,6,7,12,16,10,50,47,48,49,50,51,55],\n\t\t\t\t\t\t\t\t\ttype:\"mouse\",\n\t\t\t\t\t\t\t\t\torigo:\"slidercenter\",\n\t\t\t\t\t\t\t\t\tspeed:2000\n\t\t\t\t\t\t\t\t},\n\t\t\t\t\t\t\t\tviewPort: {\n\t\t\t\t\t\t\t\t\tenable:true,\n\t\t\t\t\t\t\t\t\toutof:\"pause\",\n\t\t\t\t\t\t\t\t\tvisible_area:\"20%\"\n\t\t\t\t\t\t\t\t},\n\t\t\t\t\t\t\t\tfallbacks: {\n\t\t\t\t\t\t\t\t\tallowHTML5AutoPlayOnAndroid:true\n\t\t\t\t\t\t\t\t},\n\t\t\t\t\t\t\t});\n\t\t\t\t\t\t}\n\t\t\t\t\t\t\n\t\t\t\t\t});\n\t\t\t\t<\/script>\n\t\t\t\t<script>\n\t\t\t\t\tvar htmlDivCss = ' #rev_slider_23_1_wrapper rs-loader.spinner2{ background-color: #c7c7cc !important; } ';\n\t\t\t\t\tvar htmlDiv = document.getElementById('rs-plugin-settings-inline-css');\n\t\t\t\t\tif(htmlDiv) {\n\t\t\t\t\t\thtmlDiv.innerHTML = htmlDiv.innerHTML + htmlDivCss;\n\t\t\t\t\t}else{\n\t\t\t\t\t\tvar htmlDiv = document.createElement('div');\n\t\t\t\t\t\thtmlDiv.innerHTML = '<style>' + htmlDivCss + '<\/style>';\n\t\t\t\t\t\tdocument.getElementsByTagName('head')[0].appendChild(htmlDiv.childNodes[0]);\n\t\t\t\t\t}\n\t\t\t\t<\/script>\n\t\t\t<\/rs-module-wrap>\n\t\t\t<!-- END REVOLUTION SLIDER -->\n[\/vc_column][\/vc_row][vc_row equal_height=&#8220;yes&#8220; content_placement=&#8220;middle&#8220; css=&#8220;.vc_custom_1602185730634{padding-top: 50px !important;}&#8220;][vc_column width=&#8220;2\/3&#8243;][vc_custom_heading text=&#8220;ADULTS ONLY (Alter 16+), ELEGANT UND KOMFORTABEL&#8220; google_fonts=&#8220;font_family:Oswald%3A300%2Cregular%2C700|font_style:300%20light%20regular%3A300%3Anormal&#8220;][vc_custom_heading text=&#8220;DIE IDEALE WAHL F\u00dcR IHREN URLAUB IN STALIS &#8211; KRETA&#8220; font_container=&#8220;tag:h2|font_size:30|text_align:left|color:%23ad1a52&#8243; google_fonts=&#8220;font_family:Oswald%3A300%2Cregular%2C700|font_style:300%20light%20regular%3A300%3Anormal&#8220;][vc_column_text css=&#8220;.vc_custom_1618668581520{border-right-width: 1px !important;padding-right: 20px !important;border-right-color: #b7b7b7 !important;border-right-style: solid !important;}&#8220;]Ein zauberhaftes 4-Sterne Boutique Hotel in herrlicher Lage und mit atemberaubender Aussicht in Stalis &#8211; Kreta, 2 km \u00f6stlich von Chersonissos, 28 km \u00f6stlich vom internationalen Flughafen &#8222;Nikos Kazantzakis&#8220; in Heraklion und nur 150 m von einem langen Sandstrand entfernt.[\/vc_column_text][\/vc_column][vc_column width=&#8220;1\/3&#8243;][vc_empty_space height=&#8220;20px&#8220;][vc_custom_heading text=&#8220;ALLES IN DER N\u00c4HE&#8220; font_container=&#8220;tag:h2|font_size:22|text_align:left|color:%23ad1a52&#8243; google_fonts=&#8220;font_family:Oswald%3A300%2Cregular%2C700|font_style:400%20regular%3A400%3Anormal&#8220;][vc_column_text]<strong>Nur 150m<\/strong> vom Strand von Stalis<br \/>\n<strong>Nur 5km<\/strong> von Chersonissos<br \/>\n<strong>Nur 5km<\/strong> von Malia<br \/>\n<strong>Nur 25km<\/strong> vom Flughafen[\/vc_column_text][\/vc_column][\/vc_row][vc_row css=&#8220;.vc_custom_1602184152639{padding-top: 50px !important;padding-bottom: 50px !important;}&#8220;][vc_column][vc_custom_heading text=&#8220;UNTERBRINGUNG&#8220; font_container=&#8220;tag:h2|font_size:25|text_align:center|color:%23ad1a52&#8243; google_fonts=&#8220;font_family:Oswald%3A300%2Cregular%2C700|font_style:400%20regular%3A400%3Anormal&#8220;][vc_custom_heading text=&#8220;EDLE ELEMENTE &amp; BEHAGLICHES AMBIENTE&#8220; font_container=&#8220;tag:h2|font_size:30|text_align:center&#8220; google_fonts=&#8220;font_family:Oswald%3A300%2Cregular%2C700|font_style:300%20light%20regular%3A300%3Anormal&#8220;][vc_separator color=&#8220;custom&#8220; border_width=&#8220;5&#8243; el_width=&#8220;10&#8243; accent_color=&#8220;#ad1a52&#8243;][\/vc_column][\/vc_row][vc_row][vc_column width=&#8220;1\/2&#8243;][\/vc_column][vc_column width=&#8220;1\/2&#8243;][\/vc_column][\/vc_row][vc_row full_width=&#8220;stretch_row_content&#8220; content_placement=&#8220;middle&#8220; css=&#8220;.vc_custom_1602951674036{background-color: #f2f2f2 !important;}&#8220;][vc_column width=&#8220;2\/3&#8243;][layerslider_vc id=&#8220;1&#8243;][\/vc_column][vc_column width=&#8220;1\/3&#8243; css=&#8220;.vc_custom_1602183609452{padding-right: 40px !important;padding-left: 40px !important;}&#8220;][vc_custom_heading text=&#8220;PREMIU\u039c UNTERKUNFT&#8220; font_container=&#8220;tag:h2|font_size:25|text_align:left|color:%23ad1a52&#8243; google_fonts=&#8220;font_family:Oswald%3A300%2Cregular%2C700|font_style:300%20light%20regular%3A300%3Anormal&#8220; link=&#8220;url:https%3A%2F%2Fminoishotel.gr%2Fde%2Faccommodation%2F|title:Accommodation&#8220;][vc_column_text]<\/p>\n<p style=\"text-align: justify;\">Das Minois Boutique Hotel besteht aus 11 Appartements mit Meer- oder Bergblick f\u00fcr je 2-3 Personen und 12 Deluxe Studios mit Meer- oder Bergblick f\u00fcr je 1-2 Personen.<br \/>\nAlle Zimmer sind in modernem, freundlichem Stil eingerichtet und mit Klimaanlage (Heizung \/ K\u00fchlung), Badezimmer mit Dusche, Telefon, Sat-TV, Schlie\u00dffach und Minik\u00fchlschrank ausgestattet. Alle Appartements verf\u00fcgen \u00fcber ger\u00e4umige Balkone und Terrassen mit Meerblick.<\/p>\n<p>[\/vc_column_text][vc_btn title=&#8220;MEHR INFO&#8220; style=&#8220;classic&#8220; shape=&#8220;square&#8220; color=&#8220;default&#8220; size=&#8220;sm&#8220; link=&#8220;url:https%3A%2F%2Fminoishotel.gr%2Fde%2Faccommodation%2F&#8220;][vc_btn title=&#8220;AUFENTHAL BUCHEN&#8220; style=&#8220;custom&#8220; custom_background=&#8220;#ad1a52&#8243; custom_text=&#8220;#ffffff&#8220; shape=&#8220;square&#8220; size=&#8220;sm&#8220; link=&#8220;url:https%3A%2F%2Fminoishotel.gr%2Fde%2Freservation-request%2F|title:Reservation%20Request&#8220;][\/vc_column][\/vc_row][vc_row full_width=&#8220;stretch_row_content_no_spaces&#8220;][vc_column]<div class='gambit_parallax_row' data-bg-align='' data-direction='fixed' data-opacity='100' data-velocity='-0.3' data-mobile-enabled='' data-bg-height='900' data-bg-width='1351' data-bg-image='https:\/\/minoishotel.gr\/wp-content\/uploads\/2021\/06\/DJI_0590-HDR-Edit.jpg' data-bg-repeat='false' data-id='' style='display: none'><\/div>[vc_empty_space height=&#8220;500&#8243;][\/vc_column][\/vc_row][vc_row css=&#8220;.vc_custom_1602184130787{padding-top: 50px !important;padding-bottom: 50px !important;}&#8220;][vc_column][vc_custom_heading text=&#8220;GENIESSEN SIE DEN KOMFORT&#8220; font_container=&#8220;tag:h2|font_size:25|text_align:center|color:%23ad1a52&#8243; google_fonts=&#8220;font_family:Oswald%3A300%2Cregular%2C700|font_style:400%20regular%3A400%3Anormal&#8220;][vc_custom_heading text=&#8220;EIN UNVERGESSLICHER URLAUB AUF KRETA&#8220; font_container=&#8220;tag:h2|font_size:30|text_align:center&#8220; google_fonts=&#8220;font_family:Oswald%3A300%2Cregular%2C700|font_style:300%20light%20regular%3A300%3Anormal&#8220;][vc_separator color=&#8220;custom&#8220; border_width=&#8220;5&#8243; el_width=&#8220;10&#8243; accent_color=&#8220;#ad1a52&#8243;][\/vc_column][\/vc_row][vc_row full_width=&#8220;stretch_row_content&#8220; content_placement=&#8220;middle&#8220; css=&#8220;.vc_custom_1602951696000{background-color: #f2f2f2 !important;}&#8220;][vc_column width=&#8220;2\/3&#8243;][layerslider_vc id=&#8220;2&#8243;][\/vc_column][vc_column width=&#8220;1\/3&#8243; css=&#8220;.vc_custom_1602183650375{padding-right: 40px !important;padding-left: 40px !important;}&#8220;][vc_custom_heading text=&#8220;DESIGNED, UM IHNEN EINEN GROSSARTIGEN AUFENTHALT ZU BIETEN&#8220; font_container=&#8220;tag:h2|font_size:25|text_align:left|color:%23ad1a52&#8243; google_fonts=&#8220;font_family:Oswald%3A300%2Cregular%2C700|font_style:300%20light%20regular%3A300%3Anormal&#8220; link=&#8220;url:%2Famenities-and-services%2F|title:Amenities%20and%20Services&#8220;][vc_column_text css=&#8220;.vc_custom_1618669135287{padding-right: 20px !important;}&#8220;]<\/p>\n<p style=\"text-align: justify;\">Minois Apartments befindet sich in Stalida und bietet neben dem Poolblick ein Restaurant, Zimmerservice, Bar, Garten, einen saisonalen Au\u00dfenpool und Terrasse. Sowohl WLAN als auch ein privates Parkgel\u00e4nde k\u00f6nnen mit dem Appartement kostenfrei genutzt werden.<\/p>\n<p>[\/vc_column_text][vc_btn title=&#8220;MEHR INFO&#8220; style=&#8220;classic&#8220; shape=&#8220;square&#8220; color=&#8220;default&#8220; size=&#8220;sm&#8220; link=&#8220;url:https%3A%2F%2Fminoishotel.gr%2Fde%2Famenities-and-services%2F|title:Amenities%20and%20Services&#8220;][vc_btn title=&#8220;AUFENTHAL BUCHEN&#8220; style=&#8220;custom&#8220; custom_background=&#8220;#ad1a52&#8243; custom_text=&#8220;#ffffff&#8220; shape=&#8220;square&#8220; size=&#8220;sm&#8220; link=&#8220;url:https%3A%2F%2Fminoishotel.gr%2Fde%2Freservation-request%2F|title:Reservation%20Request&#8220;][\/vc_column][\/vc_row][vc_row full_width=&#8220;stretch_row_content&#8220; disable_element=&#8220;yes&#8220;][vc_column]<div class='gambit_parallax_row' data-bg-align='' data-direction='fixed' data-opacity='100' data-velocity='-0.3' data-mobile-enabled='' data-bg-height='745' data-bg-width='1200' data-bg-image='https:\/\/minoishotel.gr\/wp-content\/uploads\/2020\/10\/im14.jpg' data-bg-repeat='false' data-id='' style='display: none'><\/div>[vc_empty_space height=&#8220;500&#8243;][\/vc_column][\/vc_row][vc_row disable_element=&#8220;yes&#8220; css=&#8220;.vc_custom_1603392294887{padding-top: 50px !important;padding-bottom: 50px !important;}&#8220;][vc_column][vc_custom_heading text=&#8220;GASTRONOMY&#8220; font_container=&#8220;tag:h2|font_size:25|text_align:center|color:%23ad1a52&#8243; google_fonts=&#8220;font_family:Oswald%3A300%2Cregular%2C700|font_style:400%20regular%3A400%3Anormal&#8220;][vc_custom_heading text=&#8220;MEET OUR DELICIOUS WAYS&#8220; font_container=&#8220;tag:h2|font_size:30|text_align:center&#8220; google_fonts=&#8220;font_family:Oswald%3A300%2Cregular%2C700|font_style:300%20light%20regular%3A300%3Anormal&#8220;][vc_separator color=&#8220;custom&#8220; border_width=&#8220;5&#8243; el_width=&#8220;10&#8243; accent_color=&#8220;#ad1a52&#8243;][\/vc_column][\/vc_row][vc_row full_width=&#8220;stretch_row_content&#8220; content_placement=&#8220;middle&#8220; disable_element=&#8220;yes&#8220; css=&#8220;.vc_custom_1603392286673{background-color: #f2f2f2 !important;}&#8220;][vc_column width=&#8220;2\/3&#8243;][layerslider_vc id=&#8220;3&#8243;][\/vc_column][vc_column width=&#8220;1\/3&#8243; css=&#8220;.vc_custom_1602183650375{padding-right: 40px !important;padding-left: 40px !important;}&#8220;][vc_custom_heading text=&#8220;TASTE &amp; FLAVORS&#8220; font_container=&#8220;tag:h2|font_size:25|text_align:left|color:%23ad1a52&#8243; google_fonts=&#8220;font_family:Oswald%3A300%2Cregular%2C700|font_style:300%20light%20regular%3A300%3Anormal&#8220;][vc_column_text css=&#8220;.vc_custom_1603320091721{padding-right: 20px !important;}&#8220;]<\/p>\n<p style=\"text-align: justify;\">Enjoy a culinary journey through the exotic flavors of Cretan and international cuisine,<br \/>\nprepared all, with the delicious and nutritious products of mother Cretan land.[\/vc_column_text][vc_btn title=&#8220;READ MORE&#8220; style=&#8220;custom&#8220; custom_background=&#8220;#ad1a52&#8243; custom_text=&#8220;#ffffff&#8220; shape=&#8220;square&#8220; size=&#8220;sm&#8220; link=&#8220;url:%2Famenities-and-services%2F&#8220;][\/vc_column][\/vc_row][vc_row css=&#8220;.vc_custom_1602184152639{padding-top: 50px !important;padding-bottom: 50px !important;}&#8220;][vc_column][vc_custom_heading text=&#8220;BILDERGALERIE&#8220; font_container=&#8220;tag:h2|font_size:25|text_align:center|color:%23ad1a52&#8243; google_fonts=&#8220;font_family:Oswald%3A300%2Cregular%2C700|font_style:400%20regular%3A400%3Anormal&#8220;][vc_custom_heading text=&#8220;ERHALTEN SIE EINEN VORGESCHMACK AUF DAS, WAS MINOIS IHNEN ZU BIETEN HAT&#8220; font_container=&#8220;tag:h2|font_size:30|text_align:center&#8220; google_fonts=&#8220;font_family:Oswald%3A300%2Cregular%2C700|font_style:300%20light%20regular%3A300%3Anormal&#8220;][vc_separator color=&#8220;custom&#8220; border_width=&#8220;5&#8243; el_width=&#8220;10&#8243; accent_color=&#8220;#ad1a52&#8243;][\/vc_column][\/vc_row][vc_row][vc_column][vc_column_text]\r\n\t\t\t\t\t\n\r\n\t\t\t\t\t<!-- START UNITE GALLERY 1.7.53 -->\r\n\t\t\t\t\t\r\n\t\t\t\t\n\t\t\t<div id='unitegallery_1_1' class='unite-gallery' style='margin:0px auto;'>\n\t\t\t\t\n\n\t\t\t\t\t\t<a href=\"\/image-gallery\/\">\n\t\t\t\t\t\t<img alt=\"DSC_8156-Edit\"\n\t\t\t\t\t\t     src=\"\" data-image=\"https:\/\/minoishotel.gr\/wp-content\/uploads\/2021\/06\/DSC_8156-Edit-768x513.jpg\"\n\t\t\t\t\t\t     data-thumb=\"https:\/\/minoishotel.gr\/wp-content\/uploads\/2021\/06\/DSC_8156-Edit-768x513.jpg\"\n\t\t\t\t\t\t     title=\"\"\n\t\t\t\t\t\t     style=\"display:none\">\n\t\t\t\t\t\t<\/a>\n\n\t\t\t\t\t\t<a href=\"\/image-gallery\/\">\n\t\t\t\t\t\t<img alt=\"im54\"\n\t\t\t\t\t\t     src=\"\" data-image=\"https:\/\/minoishotel.gr\/wp-content\/uploads\/2021\/06\/im54-512x768.png\"\n\t\t\t\t\t\t     data-thumb=\"https:\/\/minoishotel.gr\/wp-content\/uploads\/2021\/06\/im54.png\"\n\t\t\t\t\t\t     title=\"\"\n\t\t\t\t\t\t     style=\"display:none\">\n\t\t\t\t\t\t<\/a>\n\n\t\t\t\t\t\t<a href=\"\/image-gallery\/\">\n\t\t\t\t\t\t<img alt=\"DJI_0590-HDR-Edit\"\n\t\t\t\t\t\t     src=\"\" data-image=\"https:\/\/minoishotel.gr\/wp-content\/uploads\/2021\/06\/DJI_0590-HDR-Edit-768x512.jpg\"\n\t\t\t\t\t\t     data-thumb=\"https:\/\/minoishotel.gr\/wp-content\/uploads\/2021\/06\/DJI_0590-HDR-Edit-768x512.jpg\"\n\t\t\t\t\t\t     title=\"\"\n\t\t\t\t\t\t     style=\"display:none\">\n\t\t\t\t\t\t<\/a>\n\n\t\t\t\t\t\t<a href=\"\/image-gallery\/\">\n\t\t\t\t\t\t<img alt=\"DSC_8135-Edit\"\n\t\t\t\t\t\t     src=\"\" data-image=\"https:\/\/minoishotel.gr\/wp-content\/uploads\/2021\/06\/DSC_8135-Edit-768x513.jpg\"\n\t\t\t\t\t\t     data-thumb=\"https:\/\/minoishotel.gr\/wp-content\/uploads\/2021\/06\/DSC_8135-Edit-768x513.jpg\"\n\t\t\t\t\t\t     title=\"\"\n\t\t\t\t\t\t     style=\"display:none\">\n\t\t\t\t\t\t<\/a>\n\n\t\t\t\t\t\t<a href=\"\/image-gallery\/\">\n\t\t\t\t\t\t<img alt=\"DSC_8229-HDR-Edit\"\n\t\t\t\t\t\t     src=\"\" data-image=\"https:\/\/minoishotel.gr\/wp-content\/uploads\/2021\/06\/DSC_8229-HDR-Edit-768x513.jpg\"\n\t\t\t\t\t\t     data-thumb=\"https:\/\/minoishotel.gr\/wp-content\/uploads\/2021\/06\/DSC_8229-HDR-Edit-768x513.jpg\"\n\t\t\t\t\t\t     title=\"\"\n\t\t\t\t\t\t     style=\"display:none\">\n\t\t\t\t\t\t<\/a>\n\t\t\t<\/div>\n\n\t\t\t<script type='text\/javascript'>\n\t\t\t\twindow.onload = function(e) {\n\t\t\t\t\tif(typeof ugCheckForErrors == \"undefined\"){\n\t\t\t\t\t\tdocument.getElementById(\"unitegallery_1_1\").innerHTML = \"<span style='color:red'>Unite Gallery Error - gallery js and css files not included in the footer. Please make sure that wp_footer() function is added to your theme.<\/span>\";}\n\t\t\t\t\telse{ ugCheckForErrors(\"unitegallery_1_1\", \"jquery\");}\n\t\t\t\t};\n\t\t\t<\/script>\n\n\t\t\t<!-- END UNITEGALLERY -->[\/vc_column_text][\/vc_column][\/vc_row]<\/p>\n<\/div>","protected":false},"excerpt":{"rendered":"<p>[vc_row full_width=&#8220;stretch_row_content_no_spaces&#8220;][vc_column][\/vc_column][\/vc_row][vc_row equal_height=&#8220;yes&#8220; content_placement=&#8220;middle&#8220; css=&#8220;.vc_custom_1602185730634{padding-top: 50px !important;}&#8220;][vc_column width=&#8220;2\/3&#8243;][vc_custom_heading text=&#8220;ADULTS ONLY (Alter 16+), ELEGANT UND KOMFORTABEL&#8220; google_fonts=&#8220;font_family:Oswald%3A300%2Cregular%2C700|font_style:300%20light%20regular%3A300%3Anormal&#8220;][vc_custom_heading text=&#8220;DIE IDEALE WAHL F\u00dcR IHREN URLAUB IN STALIS &#8211; KRETA&#8220; font_container=&#8220;tag:h2|font_size:30|text_align:left|color:%23ad1a52&#8243; google_fonts=&#8220;font_family:Oswald%3A300%2Cregular%2C700|font_style:300%20light%20regular%3A300%3Anormal&#8220;][vc_column_text css=&#8220;.vc_custom_1618668581520{border-right-width: 1px !important;padding-right: 20px !important;border-right-color: #b7b7b7 !important;border-right-style: solid !important;}&#8220;]Ein zauberhaftes 4-Sterne Boutique Hotel in herrlicher Lage und mit atemberaubender Aussicht in Stalis &#8211; Kreta, 2 km \u00f6stlich [&hellip;]<\/p>\n","protected":false},"author":1,"featured_media":0,"parent":0,"menu_order":0,"comment_status":"closed","ping_status":"closed","template":"","meta":{"footnotes":""},"class_list":["post-5136","page","type-page","status-publish","hentry"],"_links":{"self":[{"href":"https:\/\/minoishotel.gr\/de\/wp-json\/wp\/v2\/pages\/5136"}],"collection":[{"href":"https:\/\/minoishotel.gr\/de\/wp-json\/wp\/v2\/pages"}],"about":[{"href":"https:\/\/minoishotel.gr\/de\/wp-json\/wp\/v2\/types\/page"}],"author":[{"embeddable":true,"href":"https:\/\/minoishotel.gr\/de\/wp-json\/wp\/v2\/users\/1"}],"replies":[{"embeddable":true,"href":"https:\/\/minoishotel.gr\/de\/wp-json\/wp\/v2\/comments?post=5136"}],"version-history":[{"count":5,"href":"https:\/\/minoishotel.gr\/de\/wp-json\/wp\/v2\/pages\/5136\/revisions"}],"predecessor-version":[{"id":5339,"href":"https:\/\/minoishotel.gr\/de\/wp-json\/wp\/v2\/pages\/5136\/revisions\/5339"}],"wp:attachment":[{"href":"https:\/\/minoishotel.gr\/de\/wp-json\/wp\/v2\/media?parent=5136"}],"curies":[{"name":"wp","href":"https:\/\/api.w.org\/{rel}","templated":true}]}}