{"id":5133,"date":"2020-10-20T23:12:03","date_gmt":"2020-10-20T23:12:03","guid":{"rendered":"https:\/\/minoishotel.gr\/contact\/"},"modified":"2025-05-12T10:16:35","modified_gmt":"2025-05-12T10:16:35","slug":"contact","status":"publish","type":"page","link":"https:\/\/minoishotel.gr\/de\/contact\/","title":{"rendered":"Contact"},"content":{"rendered":"<div class=\"wpb-content-wrapper\"><p>[vc_row full_width=&#8220;stretch_row_content_no_spaces&#8220;][vc_column]\n\t\t\t<!-- START Contact REVOLUTION SLIDER 6.2.17 --><p class=\"rs-p-wp-fix\"><\/p>\n\t\t\t<rs-module-wrap id=\"rev_slider_22_1_wrapper\" data-source=\"gallery\" style=\"background:transparent;padding:0;margin:0px auto;margin-top:0;margin-bottom:0;max-width:;\">\n\t\t\t\t<rs-module id=\"rev_slider_22_1\" style=\"\" data-version=\"6.2.17\">\n\t\t\t\t\t<rs-slides>\n\t\t\t\t\t\t<rs-slide data-key=\"rs-77\" data-title=\"Slide\" data-anim=\"ei:d;eo:d;s:600;r:0;t:fade;sl:d;\" data-firstanim=\"t:fade;s:1500;sl:7;\">\n\t\t\t\t\t\t\t<img loading=\"lazy\" decoding=\"async\" src=\"\/\/minoishotel.gr\/wp-content\/uploads\/2021\/06\/DSC_7849-HDR-Edit.jpg\" title=\"DSC_7849-HDR-Edit\" width=\"1348\" height=\"900\" data-parallax=\"off\" class=\"rev-slidebg\" data-no-retina>\n<!---->\t\t\t\t\t\t<\/rs-slide>\n\t\t\t\t\t<\/rs-slides>\n\t\t\t\t<\/rs-module>\n\t\t\t\t<script type=\"text\/javascript\">\n\t\t\t\t\tsetREVStartSize({c: 'rev_slider_22_1',rl:[1240,1024,778,480],el:[700,600,500,400],gw:[1240,1024,778,480],gh:[700,600,500,400],type:'standard',justify:'',layout:'fullwidth',mh:\"0\"});\n\t\t\t\t\tvar\trevapi22,\n\t\t\t\t\t\ttpj;\n\t\t\t\t\tjQuery(function() {\n\t\t\t\t\t\ttpj = jQuery;\n\t\t\t\t\t\trevapi22 = tpj(\"#rev_slider_22_1\");\n\t\t\t\t\t\tif(revapi22==undefined || revapi22.revolution == undefined){\n\t\t\t\t\t\t\trevslider_showDoubleJqueryError(\"rev_slider_22_1\");\n\t\t\t\t\t\t}else{\n\t\t\t\t\t\t\trevapi22.revolution({\n\t\t\t\t\t\t\t\tduration:6000,\n\t\t\t\t\t\t\t\tvisibilityLevels:\"1240,1024,778,480\",\n\t\t\t\t\t\t\t\tgridwidth:\"1240,1024,778,480\",\n\t\t\t\t\t\t\t\tgridheight:\"700,600,500,400\",\n\t\t\t\t\t\t\t\tspinner:\"spinner2\",\n\t\t\t\t\t\t\t\tperspective:600,\n\t\t\t\t\t\t\t\tperspectiveType:\"local\",\n\t\t\t\t\t\t\t\teditorheight:\"700,600,500,400\",\n\t\t\t\t\t\t\t\tresponsiveLevels:\"1240,1024,778,480\",\n\t\t\t\t\t\t\t\tprogressBar:{disableProgressBar:true},\n\t\t\t\t\t\t\t\tnavigation: {\n\t\t\t\t\t\t\t\t\tmouseScrollNavigation:false,\n\t\t\t\t\t\t\t\t\tonHoverStop:false,\n\t\t\t\t\t\t\t\t\ttouch: {\n\t\t\t\t\t\t\t\t\t\ttouchenabled:true\n\t\t\t\t\t\t\t\t\t}\n\t\t\t\t\t\t\t\t},\n\t\t\t\t\t\t\t\tparallax: {\n\t\t\t\t\t\t\t\t\tlevels:[2,3,4,5,6,7,12,16,10,50,47,48,49,50,51,55],\n\t\t\t\t\t\t\t\t\ttype:\"mouse\",\n\t\t\t\t\t\t\t\t\torigo:\"slidercenter\",\n\t\t\t\t\t\t\t\t\tspeed:2000\n\t\t\t\t\t\t\t\t},\n\t\t\t\t\t\t\t\tviewPort: {\n\t\t\t\t\t\t\t\t\tenable:true,\n\t\t\t\t\t\t\t\t\toutof:\"pause\",\n\t\t\t\t\t\t\t\t\tvisible_area:\"20%\"\n\t\t\t\t\t\t\t\t},\n\t\t\t\t\t\t\t\tfallbacks: {\n\t\t\t\t\t\t\t\t\tallowHTML5AutoPlayOnAndroid:true\n\t\t\t\t\t\t\t\t},\n\t\t\t\t\t\t\t});\n\t\t\t\t\t\t}\n\t\t\t\t\t\t\n\t\t\t\t\t});\n\t\t\t\t<\/script>\n\t\t\t\t<script>\n\t\t\t\t\tvar htmlDivCss = ' #rev_slider_22_1_wrapper rs-loader.spinner2{ background-color: #c7c7cc !important; } ';\n\t\t\t\t\tvar htmlDiv = document.getElementById('rs-plugin-settings-inline-css');\n\t\t\t\t\tif(htmlDiv) {\n\t\t\t\t\t\thtmlDiv.innerHTML = htmlDiv.innerHTML + htmlDivCss;\n\t\t\t\t\t}else{\n\t\t\t\t\t\tvar htmlDiv = document.createElement('div');\n\t\t\t\t\t\thtmlDiv.innerHTML = '<style>' + htmlDivCss + '<\/style>';\n\t\t\t\t\t\tdocument.getElementsByTagName('head')[0].appendChild(htmlDiv.childNodes[0]);\n\t\t\t\t\t}\n\t\t\t\t<\/script>\n\t\t\t<\/rs-module-wrap>\n\t\t\t<!-- END REVOLUTION SLIDER -->\n[\/vc_column][\/vc_row][vc_row equal_height=&#8220;yes&#8220; content_placement=&#8220;top&#8220; css=&#8220;.vc_custom_1602943451280{padding-top: 50px !important;}&#8220;][vc_column width=&#8220;2\/3&#8243;][vc_custom_heading text=&#8220;KONTAKTIEREN SIE UNS&#8220; google_fonts=&#8220;font_family:Oswald%3A300%2Cregular%2C700|font_style:300%20light%20regular%3A300%3Anormal&#8220;][vc_custom_heading text=&#8220;Wir stehen Ihnen stets zur Verf\u00fcgung, wenn Sie Informationen \u00fcber uns erhalten m\u00f6chten, Sie Fragen haben oder Hilfe bei Buchungen und Anfragen ben\u00f6tigen.&#8220; font_container=&#8220;tag:h2|font_size:30|text_align:left|color:%23ad1a52&#8243; google_fonts=&#8220;font_family:Oswald%3A300%2Cregular%2C700|font_style:300%20light%20regular%3A300%3Anormal&#8220;][vc_column_text css=&#8220;.vc_custom_1618740440842{border-right-width: 1px !important;padding-right: 20px !important;border-right-color: #b7b7b7 !important;border-right-style: solid !important;}&#8220;]<\/p>\n<p style=\"text-align: justify;\"><div class=\"wpforms-container wpforms-container-full\" id=\"wpforms-5180\"><form id=\"wpforms-form-5180\" class=\"wpforms-validate wpforms-form\" data-formid=\"5180\" method=\"post\" enctype=\"multipart\/form-data\" action=\"\/de\/wp-json\/wp\/v2\/pages\/5133\" data-token=\"ad757168558d893fe31bd81f49402de8\" data-token-time=\"1777511894\"><noscript class=\"wpforms-error-noscript\">Bitte aktiviere JavaScript in deinem Browser, um dieses Formular fertigzustellen.<\/noscript><div class=\"wpforms-field-container\"><div id=\"wpforms-5180-field_0-container\" class=\"wpforms-field wpforms-field-name\" data-field-id=\"0\"><label class=\"wpforms-field-label\" for=\"wpforms-5180-field_0\">Name <span class=\"wpforms-required-label\">*<\/span><\/label><div class=\"wpforms-field-row wpforms-field-medium\"><div class=\"wpforms-field-row-block wpforms-first wpforms-one-half\"><input type=\"text\" id=\"wpforms-5180-field_0\" class=\"wpforms-field-name-first wpforms-field-required\" name=\"wpforms[fields][0][first]\" placeholder=\"Vorname\" required><label for=\"wpforms-5180-field_0\" class=\"wpforms-field-sublabel after wpforms-sublabel-hide\">Vorname<\/label><\/div><div class=\"wpforms-field-row-block wpforms-one-half\"><input type=\"text\" id=\"wpforms-5180-field_0-last\" class=\"wpforms-field-name-last wpforms-field-required\" name=\"wpforms[fields][0][last]\" placeholder=\"Familienname\" required><label for=\"wpforms-5180-field_0-last\" class=\"wpforms-field-sublabel after wpforms-sublabel-hide\">Nachname<\/label><\/div><\/div><\/div><div id=\"wpforms-5180-field_1-container\" class=\"wpforms-field wpforms-field-email\" data-field-id=\"1\"><label class=\"wpforms-field-label\" for=\"wpforms-5180-field_1\">Email <span class=\"wpforms-required-label\">*<\/span><\/label><input type=\"email\" id=\"wpforms-5180-field_1\" class=\"wpforms-field-medium wpforms-field-required\" name=\"wpforms[fields][1]\" spellcheck=\"false\" required><\/div><div id=\"wpforms-5180-field_2-container\" class=\"wpforms-field wpforms-field-textarea\" data-field-id=\"2\"><label class=\"wpforms-field-label\" for=\"wpforms-5180-field_2\">Bemerkung oder Nachricht <span class=\"wpforms-required-label\">*<\/span><\/label><textarea id=\"wpforms-5180-field_2\" class=\"wpforms-field-medium wpforms-field-required\" name=\"wpforms[fields][2]\" required><\/textarea><\/div><\/div><!-- .wpforms-field-container --><div class=\"wpforms-submit-container\" ><input type=\"hidden\" name=\"wpforms[id]\" value=\"5180\"><input type=\"hidden\" name=\"page_title\" value=\"\"><input type=\"hidden\" name=\"page_url\" value=\"https:\/\/minoishotel.gr\/de\/wp-json\/wp\/v2\/pages\/5133\"><input type=\"hidden\" name=\"url_referer\" value=\"\"><button type=\"submit\" name=\"wpforms[submit]\" id=\"wpforms-submit-5180\" class=\"wpforms-submit\" data-alt-text=\"Sending...\" data-submit-text=\"Senden\" aria-live=\"assertive\" value=\"wpforms-submit\">Senden<\/button><\/div><input type=\"hidden\" id=\"ct_checkjs_wpforms_846c260d715e5b854ffad5f70a516c88\" name=\"ct_checkjs_wpforms\" value=\"0\" \/><script>setTimeout(function(){var ct_input_name = \"ct_checkjs_wpforms_846c260d715e5b854ffad5f70a516c88\";if (document.getElementById(ct_input_name) !== null) {var ct_input_value = document.getElementById(ct_input_name).value;document.getElementById(ct_input_name).value = document.getElementById(ct_input_name).value.replace(ct_input_value, '1309040621');}}, 1000);<\/script><input\n                    class=\"apbct_special_field apbct_email_id__wp_wpforms\"\n                    name=\"apbct__email_id__wp_wpforms\"\n                    aria-label=\"apbct__label_id__wp_wpforms\"\n                    type=\"text\" size=\"30\" maxlength=\"200\" autocomplete=\"off\"\n                    value=\"\"\n                \/><\/form><\/div>  <!-- .wpforms-container --><\/p>\n<p>[\/vc_column_text][\/vc_column][vc_column width=&#8220;1\/3&#8243;][vc_empty_space height=&#8220;20px&#8220;][vc_custom_heading text=&#8220;ADDRESSE&#8220; font_container=&#8220;tag:h2|font_size:22|text_align:left|color:%23ad1a52&#8243; google_fonts=&#8220;font_family:Oswald%3A300%2Cregular%2C700|font_style:400%20regular%3A400%3Anormal&#8220;][vc_column_text]Das Minois Boutique Hotel ist eine einzigartige Option f\u00fcr die komfortable Unterkunft in Stalis mit gro\u00dfz\u00fcgig ausgestatteten Zimmern, deren Design die Bed\u00fcrfnisse sowohl von Gesch\u00e4fts- als auch von Urlaubsreisenden deckt. Ein Hotel, das speziell f\u00fcr Paare, Freunde und Alleinreisende konzipiert wurde, die einen romantischen, entspannten und ruhigen Urlaub verbringen m\u00f6chten.[\/vc_column_text][vc_column_text css=&#8220;.vc_custom_1747044992995{border-right-width: 0px !important;padding-right: 20px !important;border-right-style: solid !important;border-color: #b7b7b7 !important;}&#8220;]<\/p>\n<p style=\"text-align: justify;\">A: 2 Nikis Street, Stalis Kreta 70007 Griechenland<br \/>\nT: <a href=\"tel:00306936507922\">+30 6936507922<\/a><\/p>\n<p style=\"text-align: justify;\">E: <a href=\"mailto:fmixalis2@gmail.com\">fmixalis2@gmail.com<\/a><br \/>\nE: <a href=\"mailto:info@minoishotel.gr\">info@minoishotel.gr<\/a><\/p>\n<p>[\/vc_column_text][vc_btn title=&#8220;FAHREN SIE ZU UNS&#8220; style=&#8220;flat&#8220; shape=&#8220;square&#8220; color=&#8220;primary&#8220; align=&#8220;center&#8220; i_icon_fontawesome=&#8220;fas fa-map-marked&#8220; add_icon=&#8220;true&#8220; link=&#8220;url:https%3A%2F%2Fwww.google.com%2Fmaps%2Fdir%2FHeraklion%2BAirport%2BN.%2BKazantzakis%2C%2BHeraklion%2F35.2916872%2C25.4269109%2F%4035.291608%2C25.4252275%2C335m%2Fdata%3D!3m1!1e3!4m9!4m8!1m5!1m1!1s0x149a5bfbffffffff%3A0x2b99fcda10e0aed2!2m2!1d25.1747483!2d35.3395798!1m0!3e0|target:_blank&#8220;][\/vc_column][\/vc_row][vc_row css=&#8220;.vc_custom_1602947163035{padding-bottom: 50px !important;}&#8220;][vc_column][vc_custom_heading text=&#8220;FINDEN SIE UNS AUF DER KARTE&#8220; font_container=&#8220;tag:h2|font_size:30|text_align:center&#8220; google_fonts=&#8220;font_family:Oswald%3A300%2Cregular%2C700|font_style:300%20light%20regular%3A300%3Anormal&#8220;][vc_separator color=&#8220;custom&#8220; border_width=&#8220;5&#8243; el_width=&#8220;10&#8243; accent_color=&#8220;#ad1a52&#8243;][vc_column_text]<iframe loading=\"lazy\" style=\"border: 0;\" tabindex=\"0\" src=\"https:\/\/www.google.com\/maps\/embed?pb=!1m18!1m12!1m3!1d1734.298513004202!2d25.426062400948535!3d35.29156499675794!2m3!1f0!2f0!3f0!3m2!1i1024!2i768!4f13.1!3m3!1m2!1s0x0%3A0x0!2zMzXCsDE3JzI5LjYiTiAyNcKwMjUnMzcuMCJF!5e1!3m2!1sen!2sgr!4v1603383292160!5m2!1sen!2sgr\" width=\"100%\" height=\"550\" frameborder=\"0\" allowfullscreen=\"allowfullscreen\" aria-hidden=\"false\"><\/iframe>[\/vc_column_text][\/vc_column][\/vc_row][vc_row css=&#8220;.vc_custom_1602184152639{padding-top: 50px !important;padding-bottom: 50px !important;}&#8220;][vc_column][vc_custom_heading text=&#8220;BILDERGALERIE&#8220; font_container=&#8220;tag:h2|font_size:25|text_align:center|color:%23ad1a52&#8243; google_fonts=&#8220;font_family:Oswald%3A300%2Cregular%2C700|font_style:400%20regular%3A400%3Anormal&#8220;][vc_custom_heading text=&#8220;ERHALTEN SIE EINEN VORGESCHMACK AUF DAS, WAS MINOIS IHNEN ZU BIETEN HAT&#8220; font_container=&#8220;tag:h2|font_size:30|text_align:center&#8220; google_fonts=&#8220;font_family:Oswald%3A300%2Cregular%2C700|font_style:300%20light%20regular%3A300%3Anormal&#8220;][vc_separator color=&#8220;custom&#8220; border_width=&#8220;5&#8243; el_width=&#8220;10&#8243; accent_color=&#8220;#ad1a52&#8243;][\/vc_column][\/vc_row][vc_row][vc_column][vc_column_text]\r\n\t\t\t\t\t\n\r\n\t\t\t\t\t<!-- START UNITE GALLERY 1.7.53 -->\r\n\t\t\t\t\t\r\n\t\t\t\t\n\t\t\t<div id='unitegallery_1_1' class='unite-gallery' style='margin:0px auto;'>\n\t\t\t\t\n\n\t\t\t\t\t\t<a href=\"\/image-gallery\/\">\n\t\t\t\t\t\t<img alt=\"DSC_8156-Edit\"\n\t\t\t\t\t\t     src=\"\" data-image=\"https:\/\/minoishotel.gr\/wp-content\/uploads\/2021\/06\/DSC_8156-Edit-768x513.jpg\"\n\t\t\t\t\t\t     data-thumb=\"https:\/\/minoishotel.gr\/wp-content\/uploads\/2021\/06\/DSC_8156-Edit-768x513.jpg\"\n\t\t\t\t\t\t     title=\"\"\n\t\t\t\t\t\t     style=\"display:none\">\n\t\t\t\t\t\t<\/a>\n\n\t\t\t\t\t\t<a href=\"\/image-gallery\/\">\n\t\t\t\t\t\t<img alt=\"im54\"\n\t\t\t\t\t\t     src=\"\" data-image=\"https:\/\/minoishotel.gr\/wp-content\/uploads\/2021\/06\/im54-512x768.png\"\n\t\t\t\t\t\t     data-thumb=\"https:\/\/minoishotel.gr\/wp-content\/uploads\/2021\/06\/im54.png\"\n\t\t\t\t\t\t     title=\"\"\n\t\t\t\t\t\t     style=\"display:none\">\n\t\t\t\t\t\t<\/a>\n\n\t\t\t\t\t\t<a href=\"\/image-gallery\/\">\n\t\t\t\t\t\t<img alt=\"DJI_0590-HDR-Edit\"\n\t\t\t\t\t\t     src=\"\" data-image=\"https:\/\/minoishotel.gr\/wp-content\/uploads\/2021\/06\/DJI_0590-HDR-Edit-768x512.jpg\"\n\t\t\t\t\t\t     data-thumb=\"https:\/\/minoishotel.gr\/wp-content\/uploads\/2021\/06\/DJI_0590-HDR-Edit-768x512.jpg\"\n\t\t\t\t\t\t     title=\"\"\n\t\t\t\t\t\t     style=\"display:none\">\n\t\t\t\t\t\t<\/a>\n\n\t\t\t\t\t\t<a href=\"\/image-gallery\/\">\n\t\t\t\t\t\t<img alt=\"DSC_8135-Edit\"\n\t\t\t\t\t\t     src=\"\" data-image=\"https:\/\/minoishotel.gr\/wp-content\/uploads\/2021\/06\/DSC_8135-Edit-768x513.jpg\"\n\t\t\t\t\t\t     data-thumb=\"https:\/\/minoishotel.gr\/wp-content\/uploads\/2021\/06\/DSC_8135-Edit-768x513.jpg\"\n\t\t\t\t\t\t     title=\"\"\n\t\t\t\t\t\t     style=\"display:none\">\n\t\t\t\t\t\t<\/a>\n\n\t\t\t\t\t\t<a href=\"\/image-gallery\/\">\n\t\t\t\t\t\t<img alt=\"DSC_8229-HDR-Edit\"\n\t\t\t\t\t\t     src=\"\" data-image=\"https:\/\/minoishotel.gr\/wp-content\/uploads\/2021\/06\/DSC_8229-HDR-Edit-768x513.jpg\"\n\t\t\t\t\t\t     data-thumb=\"https:\/\/minoishotel.gr\/wp-content\/uploads\/2021\/06\/DSC_8229-HDR-Edit-768x513.jpg\"\n\t\t\t\t\t\t     title=\"\"\n\t\t\t\t\t\t     style=\"display:none\">\n\t\t\t\t\t\t<\/a>\n\t\t\t<\/div>\n\n\t\t\t<script type='text\/javascript'>\n\t\t\t\twindow.onload = function(e) {\n\t\t\t\t\tif(typeof ugCheckForErrors == \"undefined\"){\n\t\t\t\t\t\tdocument.getElementById(\"unitegallery_1_1\").innerHTML = \"<span style='color:red'>Unite Gallery Error - gallery js and css files not included in the footer. Please make sure that wp_footer() function is added to your theme.<\/span>\";}\n\t\t\t\t\telse{ ugCheckForErrors(\"unitegallery_1_1\", \"jquery\");}\n\t\t\t\t};\n\t\t\t<\/script>\n\n\t\t\t<!-- END UNITEGALLERY -->[\/vc_column_text][\/vc_column][\/vc_row]<\/p>\n<\/div>","protected":false},"excerpt":{"rendered":"<p>[vc_row full_width=&#8220;stretch_row_content_no_spaces&#8220;][vc_column][\/vc_column][\/vc_row][vc_row equal_height=&#8220;yes&#8220; content_placement=&#8220;top&#8220; css=&#8220;.vc_custom_1602943451280{padding-top: 50px !important;}&#8220;][vc_column width=&#8220;2\/3&#8243;][vc_custom_heading text=&#8220;KONTAKTIEREN SIE UNS&#8220; google_fonts=&#8220;font_family:Oswald%3A300%2Cregular%2C700|font_style:300%20light%20regular%3A300%3Anormal&#8220;][vc_custom_heading text=&#8220;Wir stehen Ihnen stets zur Verf\u00fcgung, wenn Sie Informationen \u00fcber uns erhalten m\u00f6chten, Sie Fragen haben oder Hilfe bei Buchungen und Anfragen ben\u00f6tigen.&#8220; font_container=&#8220;tag:h2|font_size:30|text_align:left|color:%23ad1a52&#8243; google_fonts=&#8220;font_family:Oswald%3A300%2Cregular%2C700|font_style:300%20light%20regular%3A300%3Anormal&#8220;][vc_column_text css=&#8220;.vc_custom_1618740440842{border-right-width: 1px !important;padding-right: 20px !important;border-right-color: #b7b7b7 !important;border-right-style: solid !important;}&#8220;] [\/vc_column_text][\/vc_column][vc_column width=&#8220;1\/3&#8243;][vc_empty_space height=&#8220;20px&#8220;][vc_custom_heading text=&#8220;ADDRESSE&#8220; font_container=&#8220;tag:h2|font_size:22|text_align:left|color:%23ad1a52&#8243; google_fonts=&#8220;font_family:Oswald%3A300%2Cregular%2C700|font_style:400%20regular%3A400%3Anormal&#8220;][vc_column_text]Das Minois Boutique Hotel [&hellip;]<\/p>\n","protected":false},"author":1,"featured_media":0,"parent":0,"menu_order":0,"comment_status":"closed","ping_status":"closed","template":"","meta":{"footnotes":""},"class_list":["post-5133","page","type-page","status-publish","hentry"],"_links":{"self":[{"href":"https:\/\/minoishotel.gr\/de\/wp-json\/wp\/v2\/pages\/5133"}],"collection":[{"href":"https:\/\/minoishotel.gr\/de\/wp-json\/wp\/v2\/pages"}],"about":[{"href":"https:\/\/minoishotel.gr\/de\/wp-json\/wp\/v2\/types\/page"}],"author":[{"embeddable":true,"href":"https:\/\/minoishotel.gr\/de\/wp-json\/wp\/v2\/users\/1"}],"replies":[{"embeddable":true,"href":"https:\/\/minoishotel.gr\/de\/wp-json\/wp\/v2\/comments?post=5133"}],"version-history":[{"count":3,"href":"https:\/\/minoishotel.gr\/de\/wp-json\/wp\/v2\/pages\/5133\/revisions"}],"predecessor-version":[{"id":5475,"href":"https:\/\/minoishotel.gr\/de\/wp-json\/wp\/v2\/pages\/5133\/revisions\/5475"}],"wp:attachment":[{"href":"https:\/\/minoishotel.gr\/de\/wp-json\/wp\/v2\/media?parent=5133"}],"curies":[{"name":"wp","href":"https:\/\/api.w.org\/{rel}","templated":true}]}}