{"id":5132,"date":"2020-10-20T17:36:42","date_gmt":"2020-10-20T17:36:42","guid":{"rendered":"https:\/\/minoishotel.gr\/amenities-and-services\/"},"modified":"2021-08-23T11:22:29","modified_gmt":"2021-08-23T11:22:29","slug":"amenities-and-services","status":"publish","type":"page","link":"https:\/\/minoishotel.gr\/de\/amenities-and-services\/","title":{"rendered":"Amenities and Services"},"content":{"rendered":"<div class=\"wpb-content-wrapper\"><p>[vc_row full_width=&#8220;stretch_row_content_no_spaces&#8220;][vc_column]\n\t\t\t<!-- START Amenities Wide REVOLUTION SLIDER 6.2.17 --><p class=\"rs-p-wp-fix\"><\/p>\n\t\t\t<rs-module-wrap id=\"rev_slider_20_1_wrapper\" data-source=\"gallery\" style=\"background:transparent;padding:0;margin:0px auto;margin-top:0;margin-bottom:0;max-width:;\">\n\t\t\t\t<rs-module id=\"rev_slider_20_1\" style=\"\" data-version=\"6.2.17\">\n\t\t\t\t\t<rs-slides>\n\t\t\t\t\t\t<rs-slide data-key=\"rs-74\" data-title=\"Slide\" data-anim=\"ei:d;eo:d;s:600;r:0;t:fade;sl:d;\" data-firstanim=\"t:fade;s:1500;sl:7;\">\n\t\t\t\t\t\t\t<img loading=\"lazy\" decoding=\"async\" src=\"\/\/minoishotel.gr\/wp-content\/uploads\/2021\/06\/DSC_8254-Edit.jpg\" title=\"DSC_8254-Edit\" width=\"1348\" height=\"900\" data-parallax=\"off\" class=\"rev-slidebg\" data-no-retina>\n<!---->\t\t\t\t\t\t<\/rs-slide>\n\t\t\t\t\t<\/rs-slides>\n\t\t\t\t<\/rs-module>\n\t\t\t\t<script type=\"text\/javascript\">\n\t\t\t\t\tsetREVStartSize({c: 'rev_slider_20_1',rl:[1240,1024,778,480],el:[700,600,500,400],gw:[1240,1024,778,480],gh:[700,600,500,400],type:'standard',justify:'',layout:'fullwidth',mh:\"0\"});\n\t\t\t\t\tvar\trevapi20,\n\t\t\t\t\t\ttpj;\n\t\t\t\t\tjQuery(function() {\n\t\t\t\t\t\ttpj = jQuery;\n\t\t\t\t\t\trevapi20 = tpj(\"#rev_slider_20_1\");\n\t\t\t\t\t\tif(revapi20==undefined || revapi20.revolution == undefined){\n\t\t\t\t\t\t\trevslider_showDoubleJqueryError(\"rev_slider_20_1\");\n\t\t\t\t\t\t}else{\n\t\t\t\t\t\t\trevapi20.revolution({\n\t\t\t\t\t\t\t\tduration:6000,\n\t\t\t\t\t\t\t\tvisibilityLevels:\"1240,1024,778,480\",\n\t\t\t\t\t\t\t\tgridwidth:\"1240,1024,778,480\",\n\t\t\t\t\t\t\t\tgridheight:\"700,600,500,400\",\n\t\t\t\t\t\t\t\tspinner:\"spinner2\",\n\t\t\t\t\t\t\t\tperspective:600,\n\t\t\t\t\t\t\t\tperspectiveType:\"local\",\n\t\t\t\t\t\t\t\teditorheight:\"700,600,500,400\",\n\t\t\t\t\t\t\t\tresponsiveLevels:\"1240,1024,778,480\",\n\t\t\t\t\t\t\t\tprogressBar:{disableProgressBar:true},\n\t\t\t\t\t\t\t\tnavigation: {\n\t\t\t\t\t\t\t\t\tmouseScrollNavigation:false,\n\t\t\t\t\t\t\t\t\tonHoverStop:false,\n\t\t\t\t\t\t\t\t\ttouch: {\n\t\t\t\t\t\t\t\t\t\ttouchenabled:true\n\t\t\t\t\t\t\t\t\t}\n\t\t\t\t\t\t\t\t},\n\t\t\t\t\t\t\t\tparallax: {\n\t\t\t\t\t\t\t\t\tlevels:[2,3,4,5,6,7,12,16,10,50,47,48,49,50,51,55],\n\t\t\t\t\t\t\t\t\ttype:\"mouse\",\n\t\t\t\t\t\t\t\t\torigo:\"slidercenter\",\n\t\t\t\t\t\t\t\t\tspeed:2000\n\t\t\t\t\t\t\t\t},\n\t\t\t\t\t\t\t\tviewPort: {\n\t\t\t\t\t\t\t\t\tenable:true,\n\t\t\t\t\t\t\t\t\toutof:\"pause\",\n\t\t\t\t\t\t\t\t\tvisible_area:\"20%\"\n\t\t\t\t\t\t\t\t},\n\t\t\t\t\t\t\t\tfallbacks: {\n\t\t\t\t\t\t\t\t\tallowHTML5AutoPlayOnAndroid:true\n\t\t\t\t\t\t\t\t},\n\t\t\t\t\t\t\t});\n\t\t\t\t\t\t}\n\t\t\t\t\t\t\n\t\t\t\t\t});\n\t\t\t\t<\/script>\n\t\t\t\t<script>\n\t\t\t\t\tvar htmlDivCss = ' #rev_slider_20_1_wrapper rs-loader.spinner2{ background-color: #c7c7cc !important; } ';\n\t\t\t\t\tvar htmlDiv = document.getElementById('rs-plugin-settings-inline-css');\n\t\t\t\t\tif(htmlDiv) {\n\t\t\t\t\t\thtmlDiv.innerHTML = htmlDiv.innerHTML + htmlDivCss;\n\t\t\t\t\t}else{\n\t\t\t\t\t\tvar htmlDiv = document.createElement('div');\n\t\t\t\t\t\thtmlDiv.innerHTML = '<style>' + htmlDivCss + '<\/style>';\n\t\t\t\t\t\tdocument.getElementsByTagName('head')[0].appendChild(htmlDiv.childNodes[0]);\n\t\t\t\t\t}\n\t\t\t\t<\/script>\n\t\t\t<\/rs-module-wrap>\n\t\t\t<!-- END REVOLUTION SLIDER -->\n[\/vc_column][\/vc_row][vc_row equal_height=&#8220;yes&#8220; content_placement=&#8220;top&#8220; css=&#8220;.vc_custom_1602943451280{padding-top: 50px !important;}&#8220;][vc_column width=&#8220;2\/3&#8243;][vc_custom_heading text=&#8220;AUSSTATTUNG &amp; DIENSTLEISTUNGEN&#8220; google_fonts=&#8220;font_family:Oswald%3A300%2Cregular%2C700|font_style:300%20light%20regular%3A300%3Anormal&#8220;][vc_custom_heading text=&#8220;MINOIS IST DIE IDEALE WAHL F\u00dcR IHREN URLAUB AUD KRETA&#8220; font_container=&#8220;tag:h2|font_size:30|text_align:left|color:%23ad1a52&#8243; google_fonts=&#8220;font_family:Oswald%3A300%2Cregular%2C700|font_style:300%20light%20regular%3A300%3Anormal&#8220;][vc_column_text]<\/p>\n<p class=\"western\" lang=\"en-US\">Mit Aussicht auf das Meer, die Berge &amp; den Pool liegt das Minois Boutique Hotel in Stalida und bietet ein <strong>Fr\u00fchst\u00fccksrestaurant, Zimmerservice, Pool\/Snack Bar<\/strong>, G\u00e4rten, einen saisonalen<strong> Au\u00dfenpool<\/strong> und Terrasse. <strong>WLAN<\/strong> ist \u00fcber das ganze Gel\u00e4nde und in den Zimmern gratis verf\u00fcgbar, und gleich neben dem Hotel steht ein Parkplatz kostenfrei zur Verf\u00fcgung.<\/p>\n<p class=\"western\" lang=\"en-US\"><strong>Massageservice, Verkaufsautomaten<\/strong> 24\/7 sind einige der zus\u00e4tzlichen Annehmlichkeiten, die die G\u00e4ste unseres Boutique Hotels genie\u00dfen k\u00f6nnen.<\/p>\n<p class=\"western\" lang=\"en-US\">Mit einem Patio ausgestattet, verf\u00fcgen die Unterk\u00fcnfte \u00fcber <strong>Klimaanlage, Flachbild-TV<\/strong> und ein<strong> eigenes Badezimmer<\/strong> mit Dusche und Haartrockner. F\u00fcr Ihren zus\u00e4tzlichen Komfort bietet das Haus<strong> Handt\u00fccher<\/strong>, Bettw\u00e4sche, ein <strong>Kissenmen\u00fc<\/strong> sowie <strong>Pool- \/ Strandt\u00fccher<\/strong>.<\/p>\n<p class=\"western\" lang=\"en-US\">Minois bietet ein <strong>Reichhaltiges Fr\u00fchst\u00fccksb\u00fcffet<\/strong>.<br \/>\nDie G\u00e4ste k\u00f6nnen sich auch in der Gemeinschaftslounge oder am bequem ausgestatteten Pool mit den kostenlosen <strong>Sonnenliegen und Sonnenschirmen<\/strong> entspannen.<\/p>\n<p>[\/vc_column_text][\/vc_column][vc_column width=&#8220;1\/3&#8243;][vc_empty_space height=&#8220;20px&#8220;][vc_custom_heading text=&#8220;ein gem\u00fctliches, kleines, modernes Boutique Hotel&#8220; font_container=&#8220;tag:h2|font_size:22|text_align:left|color:%23ad1a52&#8243; google_fonts=&#8220;font_family:Oswald%3A300%2Cregular%2C700|font_style:400%20regular%3A400%3Anormal&#8220;][vc_column_text css=&#8220;.vc_custom_1618737452169{border-right-width: 1px !important;padding-right: 20px !important;border-right-color: #b7b7b7 !important;border-right-style: solid !important;}&#8220;]<\/p>\n<p style=\"text-align: justify;\">Das Minois Boutique Hotel ist eine einzigartige Option f\u00fcr die komfortable Unterkunft in Stalis mit gro\u00dfz\u00fcgig ausgestatteten Zimmern, deren Design die Bed\u00fcrfnisse sowohl von Gesch\u00e4fts- als auch von Urlaubsreisenden deckt. Ein Hotel, das speziell f\u00fcr Paare, Freunde und Alleinreisende konzipiert wurde, die einen romantischen, entspannten und ruhigen Urlaub verbringen m\u00f6chten.<\/p>\n<p>[\/vc_column_text][vc_btn title=&#8220;AUFENTHAL BUCHEN&#8220; style=&#8220;custom&#8220; custom_background=&#8220;#ad1a52&#8243; custom_text=&#8220;#ffffff&#8220; shape=&#8220;square&#8220; size=&#8220;sm&#8220; link=&#8220;url:https%3A%2F%2Fminoishotel.gr%2Fde%2Freservation-request%2F|title:Reservation%20Request&#8220;][\/vc_column][\/vc_row][vc_row css=&#8220;.vc_custom_1602947163035{padding-bottom: 50px !important;}&#8220;][vc_column][vc_custom_heading text=&#8220;HOTELAUSSTATTUNG&#8220; font_container=&#8220;tag:h2|font_size:30|text_align:center&#8220; google_fonts=&#8220;font_family:Oswald%3A300%2Cregular%2C700|font_style:300%20light%20regular%3A300%3Anormal&#8220;][vc_separator color=&#8220;custom&#8220; border_width=&#8220;5&#8243; el_width=&#8220;10&#8243; accent_color=&#8220;#ad1a52&#8243;][vc_column_text]\r\n\t\t\t\t\t\n\r\n\t\t\t\t\t<!-- START UNITE GALLERY 1.7.53 -->\r\n\t\t\t\t\t\r\n\t\t\t\t\n\t\t\t<div id='unitegallery_6_1' class='unite-gallery' style='margin:0px auto;'>\n\t\t\t\t\n\n\t\t\t\t\t\t<img alt=\"DSC_8176-Edit\"\n\t\t\t\t\t\t     src=\"\" data-image=\"https:\/\/minoishotel.gr\/wp-content\/uploads\/2021\/06\/DSC_8176-Edit-1024x684.jpg\"\n\t\t\t\t\t\t     data-thumb=\"https:\/\/minoishotel.gr\/wp-content\/uploads\/2021\/06\/DSC_8176-Edit-768x513.jpg\"\n\t\t\t\t\t\t     title=\"\"\n\t\t\t\t\t\t     style=\"display:none\">\n\n\t\t\t\t\t\t<img alt=\"DSC_8156-Edit\"\n\t\t\t\t\t\t     src=\"\" data-image=\"https:\/\/minoishotel.gr\/wp-content\/uploads\/2021\/06\/DSC_8156-Edit-1024x684.jpg\"\n\t\t\t\t\t\t     data-thumb=\"https:\/\/minoishotel.gr\/wp-content\/uploads\/2021\/06\/DSC_8156-Edit-768x513.jpg\"\n\t\t\t\t\t\t     title=\"\"\n\t\t\t\t\t\t     style=\"display:none\">\n\n\t\t\t\t\t\t<img alt=\"DSC_8154-Edit\"\n\t\t\t\t\t\t     src=\"\" data-image=\"https:\/\/minoishotel.gr\/wp-content\/uploads\/2021\/06\/DSC_8154-Edit-1024x684.jpg\"\n\t\t\t\t\t\t     data-thumb=\"https:\/\/minoishotel.gr\/wp-content\/uploads\/2021\/06\/DSC_8154-Edit-768x513.jpg\"\n\t\t\t\t\t\t     title=\"\"\n\t\t\t\t\t\t     style=\"display:none\">\n\n\t\t\t\t\t\t<img alt=\"DSC_8102-Edit\"\n\t\t\t\t\t\t     src=\"\" data-image=\"https:\/\/minoishotel.gr\/wp-content\/uploads\/2021\/06\/DSC_8102-Edit-1024x684.jpg\"\n\t\t\t\t\t\t     data-thumb=\"https:\/\/minoishotel.gr\/wp-content\/uploads\/2021\/06\/DSC_8102-Edit-768x513.jpg\"\n\t\t\t\t\t\t     title=\"\"\n\t\t\t\t\t\t     style=\"display:none\">\n\n\t\t\t\t\t\t<img alt=\"DSC_8135-Edit\"\n\t\t\t\t\t\t     src=\"\" data-image=\"https:\/\/minoishotel.gr\/wp-content\/uploads\/2021\/06\/DSC_8135-Edit-1024x684.jpg\"\n\t\t\t\t\t\t     data-thumb=\"https:\/\/minoishotel.gr\/wp-content\/uploads\/2021\/06\/DSC_8135-Edit-768x513.jpg\"\n\t\t\t\t\t\t     title=\"\"\n\t\t\t\t\t\t     style=\"display:none\">\n\n\t\t\t\t\t\t<img alt=\"DSC_7960-HDR-Edit\"\n\t\t\t\t\t\t     src=\"\" data-image=\"https:\/\/minoishotel.gr\/wp-content\/uploads\/2021\/06\/DSC_7960-HDR-Edit-1024x684.jpg\"\n\t\t\t\t\t\t     data-thumb=\"https:\/\/minoishotel.gr\/wp-content\/uploads\/2021\/06\/DSC_7960-HDR-Edit-768x513.jpg\"\n\t\t\t\t\t\t     title=\"\"\n\t\t\t\t\t\t     style=\"display:none\">\n\n\t\t\t\t\t\t<img alt=\"DSC_7797-HDR\"\n\t\t\t\t\t\t     src=\"\" data-image=\"https:\/\/minoishotel.gr\/wp-content\/uploads\/2021\/06\/DSC_7797-HDR-1024x684.jpg\"\n\t\t\t\t\t\t     data-thumb=\"https:\/\/minoishotel.gr\/wp-content\/uploads\/2021\/06\/DSC_7797-HDR-768x513.jpg\"\n\t\t\t\t\t\t     title=\"\"\n\t\t\t\t\t\t     style=\"display:none\">\n\n\t\t\t\t\t\t<img alt=\"DSC_7923-Edit\"\n\t\t\t\t\t\t     src=\"\" data-image=\"https:\/\/minoishotel.gr\/wp-content\/uploads\/2021\/06\/DSC_7923-Edit-1024x684.jpg\"\n\t\t\t\t\t\t     data-thumb=\"https:\/\/minoishotel.gr\/wp-content\/uploads\/2021\/06\/DSC_7923-Edit-768x513.jpg\"\n\t\t\t\t\t\t     title=\"\"\n\t\t\t\t\t\t     style=\"display:none\">\n\n\t\t\t\t\t\t<img alt=\"DSC_7849-HDR-Edit\"\n\t\t\t\t\t\t     src=\"\" data-image=\"https:\/\/minoishotel.gr\/wp-content\/uploads\/2021\/06\/DSC_7849-HDR-Edit-1024x684.jpg\"\n\t\t\t\t\t\t     data-thumb=\"https:\/\/minoishotel.gr\/wp-content\/uploads\/2021\/06\/DSC_7849-HDR-Edit-768x513.jpg\"\n\t\t\t\t\t\t     title=\"\"\n\t\t\t\t\t\t     style=\"display:none\">\n\n\t\t\t\t\t\t<img alt=\"DSC_7834-HDR-Edit\"\n\t\t\t\t\t\t     src=\"\" data-image=\"https:\/\/minoishotel.gr\/wp-content\/uploads\/2021\/06\/DSC_7834-HDR-Edit-1024x684.jpg\"\n\t\t\t\t\t\t     data-thumb=\"https:\/\/minoishotel.gr\/wp-content\/uploads\/2021\/06\/DSC_7834-HDR-Edit-768x513.jpg\"\n\t\t\t\t\t\t     title=\"\"\n\t\t\t\t\t\t     style=\"display:none\">\n\n\t\t\t\t\t\t<img alt=\"DSC_7829-HDR-Edit\"\n\t\t\t\t\t\t     src=\"\" data-image=\"https:\/\/minoishotel.gr\/wp-content\/uploads\/2021\/06\/DSC_7829-HDR-Edit-1024x684.jpg\"\n\t\t\t\t\t\t     data-thumb=\"https:\/\/minoishotel.gr\/wp-content\/uploads\/2021\/06\/DSC_7829-HDR-Edit-768x513.jpg\"\n\t\t\t\t\t\t     title=\"\"\n\t\t\t\t\t\t     style=\"display:none\">\n\n\t\t\t\t\t\t<img alt=\"DSC_7819-HDR-Edit\"\n\t\t\t\t\t\t     src=\"\" data-image=\"https:\/\/minoishotel.gr\/wp-content\/uploads\/2021\/06\/DSC_7819-HDR-Edit-1024x684.jpg\"\n\t\t\t\t\t\t     data-thumb=\"https:\/\/minoishotel.gr\/wp-content\/uploads\/2021\/06\/DSC_7819-HDR-Edit-768x513.jpg\"\n\t\t\t\t\t\t     title=\"\"\n\t\t\t\t\t\t     style=\"display:none\">\n\n\t\t\t\t\t\t<img alt=\"DSC_7703-Edit\"\n\t\t\t\t\t\t     src=\"\" data-image=\"https:\/\/minoishotel.gr\/wp-content\/uploads\/2021\/06\/DSC_7703-Edit-1024x684.jpg\"\n\t\t\t\t\t\t     data-thumb=\"https:\/\/minoishotel.gr\/wp-content\/uploads\/2021\/06\/DSC_7703-Edit-768x513.jpg\"\n\t\t\t\t\t\t     title=\"\"\n\t\t\t\t\t\t     style=\"display:none\">\n\n\t\t\t\t\t\t<img alt=\"DSC_7699-Edit-Edit\"\n\t\t\t\t\t\t     src=\"\" data-image=\"https:\/\/minoishotel.gr\/wp-content\/uploads\/2021\/06\/DSC_7699-Edit-Edit-1024x684.jpg\"\n\t\t\t\t\t\t     data-thumb=\"https:\/\/minoishotel.gr\/wp-content\/uploads\/2021\/06\/DSC_7699-Edit-Edit-768x513.jpg\"\n\t\t\t\t\t\t     title=\"\"\n\t\t\t\t\t\t     style=\"display:none\">\n\t\t\t<\/div>\n\n\t\t\t<script type='text\/javascript'>\n\t\t\t\twindow.onload = function(e) {\n\t\t\t\t\tif(typeof ugCheckForErrors == \"undefined\"){\n\t\t\t\t\t\tdocument.getElementById(\"unitegallery_6_1\").innerHTML = \"<span style='color:red'>Unite Gallery Error - gallery js and css files not included in the footer. Please make sure that wp_footer() function is added to your theme.<\/span>\";}\n\t\t\t\t\telse{ ugCheckForErrors(\"unitegallery_6_1\", \"jquery\");}\n\t\t\t\t};\n\t\t\t<\/script>\n\n\t\t\t<!-- END UNITEGALLERY -->[\/vc_column_text][\/vc_column][\/vc_row][vc_row css=&#8220;.vc_custom_1602946124311{padding-bottom: 50px !important;}&#8220;][vc_column][vc_custom_heading text=&#8220;VIEW ALL ROOMS&#8220; font_container=&#8220;tag:h2|font_size:30|text_align:center&#8220; google_fonts=&#8220;font_family:Oswald%3A300%2Cregular%2C700|font_style:300%20light%20regular%3A300%3Anormal&#8220;][vc_separator color=&#8220;custom&#8220; border_width=&#8220;5&#8243; el_width=&#8220;10&#8243; accent_color=&#8220;#ad1a52&#8243;][vc_row_inner][vc_column_inner width=&#8220;1\/4&#8243;][\/vc_column_inner][vc_column_inner width=&#8220;1\/4&#8243;][vc_custom_heading text=&#8220;DOPPELZIMMER MIT MEER &#8211; ODER BERGBLICK&#8220; font_container=&#8220;tag:h2|font_size:20|text_align:center|color:%23000000&#8243; google_fonts=&#8220;font_family:Oswald%3A300%2Cregular%2C700|font_style:300%20light%20regular%3A300%3Anormal&#8220; link=&#8220;url:https%3A%2F%2Fminoishotel.gr%2Fde%2Fdoppelzimmer-mit-meer-oder-bergblick%2F&#8220;][vc_single_image image=&#8220;5332&#8243; img_size=&#8220;full&#8220; alignment=&#8220;center&#8220; onclick=&#8220;custom_link&#8220; link=&#8220;https:\/\/minoishotel.gr\/de\/doppelzimmer-mit-meer-oder-bergblick\/&#8220;][\/vc_column_inner][vc_column_inner width=&#8220;1\/4&#8243;][vc_custom_heading text=&#8220;DELUXE DOPPELZIMMER MIT MEER &#8211; ODER BERGBLICK&#8220; font_container=&#8220;tag:h2|font_size:20|text_align:center|color:%23000000&#8243; google_fonts=&#8220;font_family:Oswald%3A300%2Cregular%2C700|font_style:300%20light%20regular%3A300%3Anormal&#8220; link=&#8220;url:https%3A%2F%2Fminoishotel.gr%2Fde%2Fdeluxe-doppelzimmer-mit-meer-oder-bergblick%2F&#8220;][vc_single_image image=&#8220;5294&#8243; img_size=&#8220;full&#8220; alignment=&#8220;center&#8220; onclick=&#8220;custom_link&#8220; link=&#8220;https:\/\/minoishotel.gr\/de\/deluxe-doppelzimmer-mit-meer-oder-bergblick\/&#8220;][\/vc_column_inner][vc_column_inner width=&#8220;1\/4&#8243;][\/vc_column_inner][\/vc_row_inner][\/vc_column][\/vc_row]<\/p>\n<\/div>","protected":false},"excerpt":{"rendered":"<p>[vc_row full_width=&#8220;stretch_row_content_no_spaces&#8220;][vc_column][\/vc_column][\/vc_row][vc_row equal_height=&#8220;yes&#8220; content_placement=&#8220;top&#8220; css=&#8220;.vc_custom_1602943451280{padding-top: 50px !important;}&#8220;][vc_column width=&#8220;2\/3&#8243;][vc_custom_heading text=&#8220;AUSSTATTUNG &amp; DIENSTLEISTUNGEN&#8220; google_fonts=&#8220;font_family:Oswald%3A300%2Cregular%2C700|font_style:300%20light%20regular%3A300%3Anormal&#8220;][vc_custom_heading text=&#8220;MINOIS IST DIE IDEALE WAHL F\u00dcR IHREN URLAUB AUD KRETA&#8220; font_container=&#8220;tag:h2|font_size:30|text_align:left|color:%23ad1a52&#8243; google_fonts=&#8220;font_family:Oswald%3A300%2Cregular%2C700|font_style:300%20light%20regular%3A300%3Anormal&#8220;][vc_column_text] Mit Aussicht auf das Meer, die Berge &amp; den Pool liegt das Minois Boutique Hotel in Stalida und bietet ein Fr\u00fchst\u00fccksrestaurant, Zimmerservice, Pool\/Snack Bar, G\u00e4rten, einen saisonalen Au\u00dfenpool und Terrasse. WLAN [&hellip;]<\/p>\n","protected":false},"author":1,"featured_media":0,"parent":0,"menu_order":0,"comment_status":"closed","ping_status":"closed","template":"","meta":{"footnotes":""},"class_list":["post-5132","page","type-page","status-publish","hentry"],"_links":{"self":[{"href":"https:\/\/minoishotel.gr\/de\/wp-json\/wp\/v2\/pages\/5132"}],"collection":[{"href":"https:\/\/minoishotel.gr\/de\/wp-json\/wp\/v2\/pages"}],"about":[{"href":"https:\/\/minoishotel.gr\/de\/wp-json\/wp\/v2\/types\/page"}],"author":[{"embeddable":true,"href":"https:\/\/minoishotel.gr\/de\/wp-json\/wp\/v2\/users\/1"}],"replies":[{"embeddable":true,"href":"https:\/\/minoishotel.gr\/de\/wp-json\/wp\/v2\/comments?post=5132"}],"version-history":[{"count":5,"href":"https:\/\/minoishotel.gr\/de\/wp-json\/wp\/v2\/pages\/5132\/revisions"}],"predecessor-version":[{"id":5395,"href":"https:\/\/minoishotel.gr\/de\/wp-json\/wp\/v2\/pages\/5132\/revisions\/5395"}],"wp:attachment":[{"href":"https:\/\/minoishotel.gr\/de\/wp-json\/wp\/v2\/media?parent=5132"}],"curies":[{"name":"wp","href":"https:\/\/api.w.org\/{rel}","templated":true}]}}