{"id":5131,"date":"2020-10-17T11:43:12","date_gmt":"2020-10-17T11:43:12","guid":{"rendered":"https:\/\/minoishotel.gr\/accommodation\/"},"modified":"2022-01-18T21:43:29","modified_gmt":"2022-01-18T21:43:29","slug":"accommodation","status":"publish","type":"page","link":"https:\/\/minoishotel.gr\/de\/accommodation\/","title":{"rendered":"Accommodation"},"content":{"rendered":"<div class=\"wpb-content-wrapper\"><p>[vc_row full_width=&#8220;stretch_row_content_no_spaces&#8220;][vc_column]\n\t\t\t<!-- START Accommodation REVOLUTION SLIDER 6.2.17 --><p class=\"rs-p-wp-fix\"><\/p>\n\t\t\t<rs-module-wrap id=\"rev_slider_15_1_wrapper\" data-source=\"gallery\" style=\"background:#fbf9f9;padding:0;\">\n\t\t\t\t<rs-module id=\"rev_slider_15_1\" style=\"\" data-version=\"6.2.17\">\n\t\t\t\t\t<rs-slides>\n\t\t\t\t\t\t<rs-slide data-key=\"rs-54\" data-title=\"Slide\" data-anim=\"ei:d;eo:d;s:d;r:0;t:fade;sl:d;\">\n\t\t\t\t\t\t\t<img loading=\"lazy\" decoding=\"async\" src=\"\/\/minoishotel.gr\/wp-content\/uploads\/2021\/06\/DSC_8135-Edit.jpg\" title=\"DSC_8135-Edit\" width=\"1348\" height=\"900\" data-panzoom=\"d:20000;ss:100;se:150;\" class=\"rev-slidebg\" data-no-retina>\n<!---->\t\t\t\t\t\t<\/rs-slide>\n\t\t\t\t\t<\/rs-slides>\n\t\t\t\t<\/rs-module>\n\t\t\t\t<script type=\"text\/javascript\">\n\t\t\t\t\tsetREVStartSize({c: 'rev_slider_15_1',rl:[1240,1240,778,480],el:[1080,1080,600,720],gw:[1920,1920,768,480],gh:[1080,1080,600,720],type:'standard',justify:'',layout:'fullscreen',offsetContainer:'',offset:'',mh:\"0\"});\n\t\t\t\t\tvar\trevapi15,\n\t\t\t\t\t\ttpj;\n\t\t\t\t\tjQuery(function() {\n\t\t\t\t\t\ttpj = jQuery;\n\t\t\t\t\t\trevapi15 = tpj(\"#rev_slider_15_1\");\n\t\t\t\t\t\tif(revapi15==undefined || revapi15.revolution == undefined){\n\t\t\t\t\t\t\trevslider_showDoubleJqueryError(\"rev_slider_15_1\");\n\t\t\t\t\t\t}else{\n\t\t\t\t\t\t\trevapi15.revolution({\n\t\t\t\t\t\t\t\tsliderLayout:\"fullscreen\",\n\t\t\t\t\t\t\t\tduration:4000,\n\t\t\t\t\t\t\t\tvisibilityLevels:\"1240,1240,778,480\",\n\t\t\t\t\t\t\t\tgridwidth:\"1920,1920,768,480\",\n\t\t\t\t\t\t\t\tgridheight:\"1080,1080,600,720\",\n\t\t\t\t\t\t\t\tperspective:600,\n\t\t\t\t\t\t\t\tperspectiveType:\"local\",\n\t\t\t\t\t\t\t\teditorheight:\"1080,768,600,720\",\n\t\t\t\t\t\t\t\tresponsiveLevels:\"1240,1240,778,480\",\n\t\t\t\t\t\t\t\tprogressBar:{disableProgressBar:true},\n\t\t\t\t\t\t\t\tnavigation: {\n\t\t\t\t\t\t\t\t\tonHoverStop:false\n\t\t\t\t\t\t\t\t},\n\t\t\t\t\t\t\t\tviewPort: {\n\t\t\t\t\t\t\t\t\tenable:true,\n\t\t\t\t\t\t\t\t\tvisible_area:\"20%\"\n\t\t\t\t\t\t\t\t},\n\t\t\t\t\t\t\t\tfallbacks: {\n\t\t\t\t\t\t\t\t\tallowHTML5AutoPlayOnAndroid:true\n\t\t\t\t\t\t\t\t},\n\t\t\t\t\t\t\t});\n\t\t\t\t\t\t}\n\t\t\t\t\t\t\n\t\t\t\t\t});\n\t\t\t\t<\/script>\n\t\t\t<\/rs-module-wrap>\n\t\t\t<!-- END REVOLUTION SLIDER -->\n[\/vc_column][\/vc_row][vc_row css=&#8220;.vc_custom_1602184152639{padding-top: 50px !important;padding-bottom: 50px !important;}&#8220;][vc_column][vc_custom_heading text=&#8220;UNTERBRINGUNG&#8220; font_container=&#8220;tag:h2|font_size:25|text_align:center|color:%23ad1a52&#8243; google_fonts=&#8220;font_family:Oswald%3A300%2Cregular%2C700|font_style:400%20regular%3A400%3Anormal&#8220;][vc_custom_heading text=&#8220;EDLE ELEMENTE &amp; BEHAGLICHES AMBIENTE&#8220; font_container=&#8220;tag:h2|font_size:30|text_align:center&#8220; google_fonts=&#8220;font_family:Oswald%3A300%2Cregular%2C700|font_style:300%20light%20regular%3A300%3Anormal&#8220;][vc_separator color=&#8220;custom&#8220; border_width=&#8220;5&#8243; el_width=&#8220;10&#8243; accent_color=&#8220;#ad1a52&#8243;][vc_column_text]<\/p>\n<p style=\"text-align: center;\">Alle Zimmer schenken ein Gef\u00fchl von Komfort, W\u00e4rme und Entspannung. Sie sind behaglich eingerichtet und bieten kostenfreies WLAN.<br \/>\nLuxuri\u00f6se Hygieneprodukte und Bettw\u00e4sche bieten Ihnen Pflege und Komfort.<\/p>\n<p>[\/vc_column_text][vc_column_text]<\/p>\n<p style=\"text-align: center;\">Bitte beachten Sie<\/p>\n<p style=\"text-align: center;\">Die Fotos der Zimmer sind nur ein Beispiel und definieren nicht die Lage des Zimmers bei der Buchung (Erdgeschoss, 1. Obergeschoss oder 2. Obergeschoss).<\/p>\n<p style=\"text-align: center;\">Die Zimmer mit den gro\u00dfen Terrassen und den Holzliegen sind nur 5 Zimmer im gesamten Anwesen und nur nach Verf\u00fcgbarkeit.<\/p>\n<p style=\"text-align: center;\">F\u00fcr eine bestimmte Zimmerlage, f\u00fcr die Buchung der Zimmer mit den Sonnenliegen auf den Terrassen oder f\u00fcr Sonderw\u00fcnsche kontaktieren Sie uns bitte per E-Mail oder telefonisch.<\/p>\n<p style=\"text-align: center;\">Bitte beachten Sie, dass es jetzt m\u00f6glich ist, die Zimmer mit den gro\u00dfen Terrassen und Tagessonnenliegen (Gazebo), sofern verf\u00fcgbar, \u00fcber unseren Partner Booking.com unter dem Zimmertyp Deluxe Suite direkt zu buchen.<\/p>\n<p>[\/vc_column_text][\/vc_column][\/vc_row][vc_row][vc_column width=&#8220;1\/2&#8243;][\/vc_column][vc_column width=&#8220;1\/2&#8243;][\/vc_column][\/vc_row][vc_row full_width=&#8220;stretch_row_content&#8220; content_placement=&#8220;middle&#8220; css=&#8220;.vc_custom_1602935719005{background-color: #f2f2f2 !important;}&#8220;][vc_column width=&#8220;2\/3&#8243;][layerslider_vc id=&#8220;6&#8243;][\/vc_column][vc_column width=&#8220;1\/3&#8243; css=&#8220;.vc_custom_1602183609452{padding-right: 40px !important;padding-left: 40px !important;}&#8220;][vc_custom_heading text=&#8220;DELUXE DOPPELZIMMER MIT MEER &#8211; ODER BERGBLICK&#8220; font_container=&#8220;tag:h2|font_size:25|text_align:left|color:%23ad1a52&#8243; google_fonts=&#8220;font_family:Oswald%3A300%2Cregular%2C700|font_style:300%20light%20regular%3A300%3Anormal&#8220; link=&#8220;url:https%3A%2F%2Fminoishotel.gr%2Fde%2Fdeluxe-doppelzimmer-mit-meer-oder-bergblick%2F&#8220;][vc_custom_heading text=&#8220;Gr\u00f6\u00dfe:38m\u00b2, 2-3 Personen&#8220; font_container=&#8220;tag:h2|font_size:22|text_align:left|color:%23ad1a52&#8243; google_fonts=&#8220;font_family:Oswald%3A300%2Cregular%2C700|font_style:300%20light%20regular%3A300%3Anormal&#8220;][vc_column_text]<\/p>\n<p>Alle Zimmer schenken ein Gef\u00fchl von Komfort, W\u00e4rme und Entspannung. Sie sind behaglich eingerichtet und verf\u00fcgen \u00fcber kostenloses WLAN, Flachschirm 42&#8243; Sat-TV, individuell einstellbare Klimaanlage. Alle Badezimmer sind mit Dusche ausgestattet. Luxuri\u00f6se Badeartikel und Bettw\u00e4sche bieten Ihnen Pflege und Komfort.<\/p>\n<p>[\/vc_column_text][vc_btn title=&#8220;MEHR INFO&#8220; style=&#8220;custom&#8220; custom_background=&#8220;#ad1a52&#8243; custom_text=&#8220;#ffffff&#8220; shape=&#8220;square&#8220; align=&#8220;center&#8220; button_block=&#8220;true&#8220; link=&#8220;url:https%3A%2F%2Fminoishotel.gr%2Fde%2Fdeluxe-doppelzimmer-mit-meer-oder-bergblick%2F|title:Luxury%20Apartment&#8220;][\/vc_column][\/vc_row][vc_row full_width=&#8220;stretch_row_content&#8220; content_placement=&#8220;middle&#8220; css=&#8220;.vc_custom_1602936616264{background-color: #f2f2f2 !important;}&#8220;][vc_column width=&#8220;2\/3&#8243;][layerslider_vc id=&#8220;4&#8243;][\/vc_column][vc_column width=&#8220;1\/3&#8243; css=&#8220;.vc_custom_1602183650375{padding-right: 40px !important;padding-left: 40px !important;}&#8220;][vc_custom_heading text=&#8220;DOPPELZIMMER MIT MEER &#8211; ODER BERGBLICK&#8220; font_container=&#8220;tag:h2|font_size:25|text_align:left|color:%23ad1a52&#8243; google_fonts=&#8220;font_family:Oswald%3A300%2Cregular%2C700|font_style:300%20light%20regular%3A300%3Anormal&#8220; link=&#8220;url:https%3A%2F%2Fminoishotel.gr%2Fde%2Fdoppelzimmer-mit-meer-oder-bergblick%2F&#8220;][vc_custom_heading text=&#8220;Gr\u00f6\u00dfe:25m\u00b2, 2 Personen&#8220; font_container=&#8220;tag:h2|font_size:22|text_align:left|color:%23ad1a52&#8243; google_fonts=&#8220;font_family:Oswald%3A300%2Cregular%2C700|font_style:300%20light%20regular%3A300%3Anormal&#8220;][vc_column_text]Alle Zimmer schenken ein Gef\u00fchl von Komfort, W\u00e4rme und Entspannung. Sie sind behaglich eingerichtet und verf\u00fcgen \u00fcber kostenloses WLAN, Flachschirm 42&#8243; Sat-TV, individuell einstellbare Klimaanlage. Alle Badezimmer sind mit Dusche ausgestattet. Luxuri\u00f6se Badeartikel und Bettw\u00e4sche bieten Ihnen Pflege und Komfort.[\/vc_column_text][vc_btn title=&#8220;MEHR INFO&#8220; style=&#8220;custom&#8220; custom_background=&#8220;#ad1a52&#8243; custom_text=&#8220;#ffffff&#8220; shape=&#8220;square&#8220; align=&#8220;center&#8220; button_block=&#8220;true&#8220; link=&#8220;url:https%3A%2F%2Fminoishotel.gr%2Fde%2Fdoppelzimmer-mit-meer-oder-bergblick%2F&#8220;][\/vc_column][\/vc_row][vc_row full_width=&#8220;stretch_row_content&#8220; content_placement=&#8220;middle&#8220; css=&#8220;.vc_custom_1602936616264{background-color: #f2f2f2 !important;}&#8220;][vc_column width=&#8220;2\/3&#8243;][layerslider_vc id=&#8220;7&#8243;][\/vc_column][vc_column width=&#8220;1\/3&#8243; css=&#8220;.vc_custom_1602183650375{padding-right: 40px !important;padding-left: 40px !important;}&#8220;][vc_custom_heading text=&#8220;DELUXE SUITE MIT MEER &#8211; ODER BERGBLICK&#8220; font_container=&#8220;tag:h2|font_size:25|text_align:left|color:%23ad1a52&#8243; google_fonts=&#8220;font_family:Oswald%3A300%2Cregular%2C700|font_style:300%20light%20regular%3A300%3Anormal&#8220; link=&#8220;url:https%3A%2F%2Fminoishotel.gr%2Fde%2Fdeluxe-suite-with-sea-or-mountain-view%2F&#8220;][vc_custom_heading text=&#8220;Gr\u00f6\u00dfe:28m\u00b2, 2 Personen&#8220; font_container=&#8220;tag:h2|font_size:22|text_align:left|color:%23ad1a52&#8243; google_fonts=&#8220;font_family:Oswald%3A300%2Cregular%2C700|font_style:300%20light%20regular%3A300%3Anormal&#8220;][vc_column_text]Alle Zimmer schenken ein Gef\u00fchl von Komfort, W\u00e4rme und Entspannung. Sie sind behaglich eingerichtet und verf\u00fcgen \u00fcber kostenloses WLAN, Flachschirm 42&#8243; Sat-TV, individuell einstellbare Klimaanlage. Alle Badezimmer sind mit Dusche ausgestattet. Luxuri\u00f6se Badeartikel und Bettw\u00e4sche bieten Ihnen Pflege und Komfort.[\/vc_column_text][vc_btn title=&#8220;MEHR INFO&#8220; style=&#8220;custom&#8220; custom_background=&#8220;#ad1a52&#8243; custom_text=&#8220;#ffffff&#8220; shape=&#8220;square&#8220; align=&#8220;center&#8220; button_block=&#8220;true&#8220; link=&#8220;url:https%3A%2F%2Fminoishotel.gr%2Fde%2Fdeluxe-suite-with-sea-or-mountain-view%2F|title:Deluxe%20Studio&#8220;][\/vc_column][\/vc_row][vc_row css=&#8220;.vc_custom_1602184152639{padding-top: 50px !important;padding-bottom: 50px !important;}&#8220;][vc_column][vc_custom_heading text=&#8220;BILDERGALERIE&#8220; font_container=&#8220;tag:h2|font_size:25|text_align:center|color:%23ad1a52&#8243; google_fonts=&#8220;font_family:Oswald%3A300%2Cregular%2C700|font_style:400%20regular%3A400%3Anormal&#8220;][vc_custom_heading text=&#8220;ERHALTEN SIE EINEN VORGESCHMACK AUF DAS, WAS MINOIS IHNEN ZU BIETEN HAT&#8220; font_container=&#8220;tag:h2|font_size:30|text_align:center&#8220; google_fonts=&#8220;font_family:Oswald%3A300%2Cregular%2C700|font_style:300%20light%20regular%3A300%3Anormal&#8220;][vc_separator color=&#8220;custom&#8220; border_width=&#8220;5&#8243; el_width=&#8220;10&#8243; accent_color=&#8220;#ad1a52&#8243;][\/vc_column][\/vc_row][vc_row][vc_column][vc_column_text]\r\n\t\t\t\t\t\n\r\n\t\t\t\t\t<!-- START UNITE GALLERY 1.7.53 -->\r\n\t\t\t\t\t\r\n\t\t\t\t\n\t\t\t<div id='unitegallery_1_1' class='unite-gallery' style='margin:0px auto;'>\n\t\t\t\t\n\n\t\t\t\t\t\t<a href=\"\/image-gallery\/\">\n\t\t\t\t\t\t<img alt=\"DSC_8156-Edit\"\n\t\t\t\t\t\t     src=\"\" data-image=\"https:\/\/minoishotel.gr\/wp-content\/uploads\/2021\/06\/DSC_8156-Edit-768x513.jpg\"\n\t\t\t\t\t\t     data-thumb=\"https:\/\/minoishotel.gr\/wp-content\/uploads\/2021\/06\/DSC_8156-Edit-768x513.jpg\"\n\t\t\t\t\t\t     title=\"\"\n\t\t\t\t\t\t     style=\"display:none\">\n\t\t\t\t\t\t<\/a>\n\n\t\t\t\t\t\t<a href=\"\/image-gallery\/\">\n\t\t\t\t\t\t<img alt=\"im54\"\n\t\t\t\t\t\t     src=\"\" data-image=\"https:\/\/minoishotel.gr\/wp-content\/uploads\/2021\/06\/im54-512x768.png\"\n\t\t\t\t\t\t     data-thumb=\"https:\/\/minoishotel.gr\/wp-content\/uploads\/2021\/06\/im54.png\"\n\t\t\t\t\t\t     title=\"\"\n\t\t\t\t\t\t     style=\"display:none\">\n\t\t\t\t\t\t<\/a>\n\n\t\t\t\t\t\t<a href=\"\/image-gallery\/\">\n\t\t\t\t\t\t<img alt=\"DJI_0590-HDR-Edit\"\n\t\t\t\t\t\t     src=\"\" data-image=\"https:\/\/minoishotel.gr\/wp-content\/uploads\/2021\/06\/DJI_0590-HDR-Edit-768x512.jpg\"\n\t\t\t\t\t\t     data-thumb=\"https:\/\/minoishotel.gr\/wp-content\/uploads\/2021\/06\/DJI_0590-HDR-Edit-768x512.jpg\"\n\t\t\t\t\t\t     title=\"\"\n\t\t\t\t\t\t     style=\"display:none\">\n\t\t\t\t\t\t<\/a>\n\n\t\t\t\t\t\t<a href=\"\/image-gallery\/\">\n\t\t\t\t\t\t<img alt=\"DSC_8135-Edit\"\n\t\t\t\t\t\t     src=\"\" data-image=\"https:\/\/minoishotel.gr\/wp-content\/uploads\/2021\/06\/DSC_8135-Edit-768x513.jpg\"\n\t\t\t\t\t\t     data-thumb=\"https:\/\/minoishotel.gr\/wp-content\/uploads\/2021\/06\/DSC_8135-Edit-768x513.jpg\"\n\t\t\t\t\t\t     title=\"\"\n\t\t\t\t\t\t     style=\"display:none\">\n\t\t\t\t\t\t<\/a>\n\n\t\t\t\t\t\t<a href=\"\/image-gallery\/\">\n\t\t\t\t\t\t<img alt=\"DSC_8229-HDR-Edit\"\n\t\t\t\t\t\t     src=\"\" data-image=\"https:\/\/minoishotel.gr\/wp-content\/uploads\/2021\/06\/DSC_8229-HDR-Edit-768x513.jpg\"\n\t\t\t\t\t\t     data-thumb=\"https:\/\/minoishotel.gr\/wp-content\/uploads\/2021\/06\/DSC_8229-HDR-Edit-768x513.jpg\"\n\t\t\t\t\t\t     title=\"\"\n\t\t\t\t\t\t     style=\"display:none\">\n\t\t\t\t\t\t<\/a>\n\t\t\t<\/div>\n\n\t\t\t<script type='text\/javascript'>\n\t\t\t\twindow.onload = function(e) {\n\t\t\t\t\tif(typeof ugCheckForErrors == \"undefined\"){\n\t\t\t\t\t\tdocument.getElementById(\"unitegallery_1_1\").innerHTML = \"<span style='color:red'>Unite Gallery Error - gallery js and css files not included in the footer. Please make sure that wp_footer() function is added to your theme.<\/span>\";}\n\t\t\t\t\telse{ ugCheckForErrors(\"unitegallery_1_1\", \"jquery\");}\n\t\t\t\t};\n\t\t\t<\/script>\n\n\t\t\t<!-- END UNITEGALLERY -->[\/vc_column_text][\/vc_column][\/vc_row]<\/p>\n<\/div>","protected":false},"excerpt":{"rendered":"<p>[vc_row full_width=&#8220;stretch_row_content_no_spaces&#8220;][vc_column][\/vc_column][\/vc_row][vc_row css=&#8220;.vc_custom_1602184152639{padding-top: 50px !important;padding-bottom: 50px !important;}&#8220;][vc_column][vc_custom_heading text=&#8220;UNTERBRINGUNG&#8220; font_container=&#8220;tag:h2|font_size:25|text_align:center|color:%23ad1a52&#8243; google_fonts=&#8220;font_family:Oswald%3A300%2Cregular%2C700|font_style:400%20regular%3A400%3Anormal&#8220;][vc_custom_heading text=&#8220;EDLE ELEMENTE &amp; BEHAGLICHES AMBIENTE&#8220; font_container=&#8220;tag:h2|font_size:30|text_align:center&#8220; google_fonts=&#8220;font_family:Oswald%3A300%2Cregular%2C700|font_style:300%20light%20regular%3A300%3Anormal&#8220;][vc_separator color=&#8220;custom&#8220; border_width=&#8220;5&#8243; el_width=&#8220;10&#8243; accent_color=&#8220;#ad1a52&#8243;][vc_column_text] Alle Zimmer schenken ein Gef\u00fchl von Komfort, W\u00e4rme und Entspannung. Sie sind behaglich eingerichtet und bieten kostenfreies WLAN. Luxuri\u00f6se Hygieneprodukte und Bettw\u00e4sche bieten Ihnen Pflege und Komfort. [\/vc_column_text][vc_column_text] Bitte beachten Sie Die Fotos der [&hellip;]<\/p>\n","protected":false},"author":1,"featured_media":0,"parent":0,"menu_order":0,"comment_status":"closed","ping_status":"closed","template":"","meta":{"footnotes":""},"class_list":["post-5131","page","type-page","status-publish","hentry"],"_links":{"self":[{"href":"https:\/\/minoishotel.gr\/de\/wp-json\/wp\/v2\/pages\/5131"}],"collection":[{"href":"https:\/\/minoishotel.gr\/de\/wp-json\/wp\/v2\/pages"}],"about":[{"href":"https:\/\/minoishotel.gr\/de\/wp-json\/wp\/v2\/types\/page"}],"author":[{"embeddable":true,"href":"https:\/\/minoishotel.gr\/de\/wp-json\/wp\/v2\/users\/1"}],"replies":[{"embeddable":true,"href":"https:\/\/minoishotel.gr\/de\/wp-json\/wp\/v2\/comments?post=5131"}],"version-history":[{"count":5,"href":"https:\/\/minoishotel.gr\/de\/wp-json\/wp\/v2\/pages\/5131\/revisions"}],"predecessor-version":[{"id":5435,"href":"https:\/\/minoishotel.gr\/de\/wp-json\/wp\/v2\/pages\/5131\/revisions\/5435"}],"wp:attachment":[{"href":"https:\/\/minoishotel.gr\/de\/wp-json\/wp\/v2\/media?parent=5131"}],"curies":[{"name":"wp","href":"https:\/\/api.w.org\/{rel}","templated":true}]}}